{"id":3398,"date":"2018-03-12T10:09:00","date_gmt":"2018-03-12T09:09:00","guid":{"rendered":"http:\/\/univet.hu\/about\/units\/experimental-farm\/"},"modified":"2025-03-20T08:50:24","modified_gmt":"2025-03-20T07:50:24","slug":"experimental-farm","status":"publish","type":"page","link":"https:\/\/univet.hu\/tangazdasag\/en\/","title":{"rendered":"Teaching Farm (TF)"},"content":{"rendered":"<h2>Introduction<\/h2> <div> <h2 style=\"text-align: center\"><strong>D\u00d3RA MAJOR<\/strong><\/h2> <p style=\"text-align: center\"> <p>The Experimental Farm of the University of Veterinary Medicine, Budapest is located in <strong>D\u00f3ra major<\/strong>, 34 km from Budapest. It is situated on the edge of the plain of <strong>Pest<\/strong>, near the town of \u00dcll\u0151 in the township of Vecs\u00e9s.<\/p> <p>&nbsp;<\/p> <h2 style=\"text-align: center\">Experimental Farm<\/h2> <p><img loading=\"lazy\" decoding=\"async\" class=\"wp-image-94804 aligncenter\" src=\"https:\/\/univet.hu\/tangazdasag\/wp-content\/uploads\/sites\/12\/2023\/09\/TangazdasagKepAngol-320x64.png\" alt=\"\" width=\"610\" height=\"122\" \/><\/p> <h3>History<\/h3> <p>D\u00f3ra major was named after <strong>S\u00e1ndor D\u00f3ra<\/strong>, who was an agronomist and a skeet shooting world champion.<\/p> <p>He received his agronomist diploma in 1926 at the University of Agriculture, Keszthely. He lived in Hungary until 1949, when he moved to San Remo and in 1964 returned to Hungary and settled down in his estate (D\u00f3ra major) near the town of \u00dcll\u0151.<\/p> <p>D\u00f3ra major became the experimental farm of the University in 1990, but it has a much longer history as a centre for livestock production.<\/p> <ul> <li>Until 31 December, 1982 it was operated as the Performance Testing Station of OT\u00c1F (National Inspectorate of Animal Feed and Livestock Production)<\/li> <li>Between 1 January, 1983 and 31 December, 1987 it functioned as the Livestock Production Company of G\u00f6d\u00f6ll\u0151<\/li> <li>From 1 January, 1988 to 31 December, 1989 it was called the Livestock Production Company of Debrecen<\/li> <li>Since 1 January, 1990 it has been functioning as the Experimental Farm of the University of Veterinary Medicine, Budapest<\/li> <li>Between 1999 and 2016 it belonged to the Faculty of Veterinary Medicine of Szent Istv\u00e1n University<\/li> <li>Since 1 July, 2016 it has been operated as the Experimental Farm of the independent University of Veterinary Medicine, Budapest<\/li> <\/ul> <p><strong><span style=\"font-size: 18pt\">For more information about the teaching economy and the weekly exercises, please visit D\u00f3ra Major&#8217;s <a href=\"https:\/\/univet.hu\/hu\/tangazdasag\/\">website<\/a>.<\/span><\/strong><\/p> <\/div>","protected":false},"excerpt":{"rendered":"<p>Introduction D\u00d3RA MAJOR The Experimental Farm of the University of Veterinary Medicine, Budapest is located in D\u00f3ra major, 34 km from Budapest. It is situated on the edge of the plain of Pest, near the town of \u00dcll\u0151 in the township of Vecs\u00e9s. &nbsp; Experimental Farm History D\u00f3ra major was named after S\u00e1ndor D\u00f3ra, who<\/p>\n","protected":false},"author":3837,"featured_media":0,"parent":0,"menu_order":135,"comment_status":"closed","ping_status":"closed","template":"","meta":{"_acf_changed":false,"footnotes":""},"categories":[15],"tags":[],"class_list":["post-3398","page","type-page","status-publish","hentry","category-departments"],"acf":[],"yoast_head":"<!-- This site is optimized with the Yoast SEO plugin v27.2 - https:\/\/yoast.com\/product\/yoast-seo-wordpress\/ -->\n<title>Teaching Farm (TF) - Tangazdas\u00e1g<\/title>\n<meta name=\"robots\" content=\"index, follow, max-snippet:-1, max-image-preview:large, max-video-preview:-1\" \/>\n<link rel=\"canonical\" href=\"https:\/\/univet.hu\/tangazdasag\/en\/\" \/>\n<meta property=\"og:locale\" content=\"en_US\" \/>\n<meta property=\"og:type\" content=\"article\" \/>\n<meta property=\"og:title\" content=\"Teaching Farm (TF) - Tangazdas\u00e1g\" \/>\n<meta property=\"og:description\" content=\"Introduction D\u00d3RA MAJOR The Experimental Farm of the University of Veterinary Medicine, Budapest is located in D\u00f3ra major, 34 km from Budapest. It is situated on the edge of the plain of Pest, near the town of \u00dcll\u0151 in the township of Vecs\u00e9s. &nbsp; Experimental Farm History D\u00f3ra major was named after S\u00e1ndor D\u00f3ra, who\" \/>\n<meta property=\"og:url\" content=\"https:\/\/univet.hu\/tangazdasag\/en\/\" \/>\n<meta property=\"og:site_name\" content=\"Tangazdas\u00e1g\" \/>\n<meta property=\"article:modified_time\" content=\"2025-03-20T07:50:24+00:00\" \/>\n<meta property=\"og:image\" content=\"https:\/\/univet.hu\/tangazdasag\/wp-content\/uploads\/sites\/12\/2023\/09\/TangazdasagKepAngol-320x64.png\" \/>\n<meta name=\"twitter:card\" content=\"summary_large_image\" \/>\n<meta name=\"twitter:label1\" content=\"Est. reading time\" \/>\n\t<meta name=\"twitter:data1\" content=\"1 minute\" \/>\n<script type=\"application\/ld+json\" class=\"yoast-schema-graph\">{\"@context\":\"https:\/\/schema.org\",\"@graph\":[{\"@type\":\"WebPage\",\"@id\":\"https:\/\/univet.hu\/tangazdasag\/en\/\",\"url\":\"https:\/\/univet.hu\/tangazdasag\/en\/\",\"name\":\"Teaching Farm (TF) - Tangazdas\u00e1g\",\"isPartOf\":{\"@id\":\"https:\/\/univet.hu\/tangazdasag\/en\/#website\"},\"primaryImageOfPage\":{\"@id\":\"https:\/\/univet.hu\/tangazdasag\/en\/#primaryimage\"},\"image\":{\"@id\":\"https:\/\/univet.hu\/tangazdasag\/en\/#primaryimage\"},\"thumbnailUrl\":\"https:\/\/univet.hu\/tangazdasag\/wp-content\/uploads\/sites\/12\/2023\/09\/TangazdasagKepAngol-320x64.png\",\"datePublished\":\"2018-03-12T09:09:00+00:00\",\"dateModified\":\"2025-03-20T07:50:24+00:00\",\"breadcrumb\":{\"@id\":\"https:\/\/univet.hu\/tangazdasag\/en\/#breadcrumb\"},\"inLanguage\":\"en-US\",\"potentialAction\":[{\"@type\":\"ReadAction\",\"target\":[\"https:\/\/univet.hu\/tangazdasag\/en\/\"]}]},{\"@type\":\"ImageObject\",\"inLanguage\":\"en-US\",\"@id\":\"https:\/\/univet.hu\/tangazdasag\/en\/#primaryimage\",\"url\":\"https:\/\/univet.hu\/tangazdasag\/wp-content\/uploads\/sites\/12\/2023\/09\/TangazdasagKepAngol-320x64.png\",\"contentUrl\":\"https:\/\/univet.hu\/tangazdasag\/wp-content\/uploads\/sites\/12\/2023\/09\/TangazdasagKepAngol-320x64.png\"},{\"@type\":\"BreadcrumbList\",\"@id\":\"https:\/\/univet.hu\/tangazdasag\/en\/#breadcrumb\",\"itemListElement\":[{\"@type\":\"ListItem\",\"position\":1,\"name\":\"Kezd\u0151lap\",\"item\":\"https:\/\/univet.hu\/tangazdasag\/en\/\"},{\"@type\":\"ListItem\",\"position\":2,\"name\":\"Teaching Farm (TF)\"}]},{\"@type\":\"WebSite\",\"@id\":\"https:\/\/univet.hu\/tangazdasag\/en\/#website\",\"url\":\"https:\/\/univet.hu\/tangazdasag\/en\/\",\"name\":\"Tangazdas\u00e1g\",\"description\":\"\",\"potentialAction\":[{\"@type\":\"SearchAction\",\"target\":{\"@type\":\"EntryPoint\",\"urlTemplate\":\"https:\/\/univet.hu\/tangazdasag\/en\/?s={search_term_string}\"},\"query-input\":{\"@type\":\"PropertyValueSpecification\",\"valueRequired\":true,\"valueName\":\"search_term_string\"}}],\"inLanguage\":\"en-US\"}]}<\/script>\n<!-- \/ Yoast SEO plugin. -->","yoast_head_json":{"title":"Teaching Farm (TF) - Tangazdas\u00e1g","robots":{"index":"index","follow":"follow","max-snippet":"max-snippet:-1","max-image-preview":"max-image-preview:large","max-video-preview":"max-video-preview:-1"},"canonical":"https:\/\/univet.hu\/tangazdasag\/en\/","og_locale":"en_US","og_type":"article","og_title":"Teaching Farm (TF) - Tangazdas\u00e1g","og_description":"Introduction D\u00d3RA MAJOR The Experimental Farm of the University of Veterinary Medicine, Budapest is located in D\u00f3ra major, 34 km from Budapest. It is situated on the edge of the plain of Pest, near the town of \u00dcll\u0151 in the township of Vecs\u00e9s. &nbsp; Experimental Farm History D\u00f3ra major was named after S\u00e1ndor D\u00f3ra, who","og_url":"https:\/\/univet.hu\/tangazdasag\/en\/","og_site_name":"Tangazdas\u00e1g","article_modified_time":"2025-03-20T07:50:24+00:00","og_image":[{"url":"https:\/\/univet.hu\/tangazdasag\/wp-content\/uploads\/sites\/12\/2023\/09\/TangazdasagKepAngol-320x64.png","type":"","width":"","height":""}],"twitter_card":"summary_large_image","twitter_misc":{"Est. reading time":"1 minute"},"schema":{"@context":"https:\/\/schema.org","@graph":[{"@type":"WebPage","@id":"https:\/\/univet.hu\/tangazdasag\/en\/","url":"https:\/\/univet.hu\/tangazdasag\/en\/","name":"Teaching Farm (TF) - Tangazdas\u00e1g","isPartOf":{"@id":"https:\/\/univet.hu\/tangazdasag\/en\/#website"},"primaryImageOfPage":{"@id":"https:\/\/univet.hu\/tangazdasag\/en\/#primaryimage"},"image":{"@id":"https:\/\/univet.hu\/tangazdasag\/en\/#primaryimage"},"thumbnailUrl":"https:\/\/univet.hu\/tangazdasag\/wp-content\/uploads\/sites\/12\/2023\/09\/TangazdasagKepAngol-320x64.png","datePublished":"2018-03-12T09:09:00+00:00","dateModified":"2025-03-20T07:50:24+00:00","breadcrumb":{"@id":"https:\/\/univet.hu\/tangazdasag\/en\/#breadcrumb"},"inLanguage":"en-US","potentialAction":[{"@type":"ReadAction","target":["https:\/\/univet.hu\/tangazdasag\/en\/"]}]},{"@type":"ImageObject","inLanguage":"en-US","@id":"https:\/\/univet.hu\/tangazdasag\/en\/#primaryimage","url":"https:\/\/univet.hu\/tangazdasag\/wp-content\/uploads\/sites\/12\/2023\/09\/TangazdasagKepAngol-320x64.png","contentUrl":"https:\/\/univet.hu\/tangazdasag\/wp-content\/uploads\/sites\/12\/2023\/09\/TangazdasagKepAngol-320x64.png"},{"@type":"BreadcrumbList","@id":"https:\/\/univet.hu\/tangazdasag\/en\/#breadcrumb","itemListElement":[{"@type":"ListItem","position":1,"name":"Kezd\u0151lap","item":"https:\/\/univet.hu\/tangazdasag\/en\/"},{"@type":"ListItem","position":2,"name":"Teaching Farm (TF)"}]},{"@type":"WebSite","@id":"https:\/\/univet.hu\/tangazdasag\/en\/#website","url":"https:\/\/univet.hu\/tangazdasag\/en\/","name":"Tangazdas\u00e1g","description":"","potentialAction":[{"@type":"SearchAction","target":{"@type":"EntryPoint","urlTemplate":"https:\/\/univet.hu\/tangazdasag\/en\/?s={search_term_string}"},"query-input":{"@type":"PropertyValueSpecification","valueRequired":true,"valueName":"search_term_string"}}],"inLanguage":"en-US"}]}},"_links":{"self":[{"href":"https:\/\/univet.hu\/tangazdasag\/en\/wp-json\/wp\/v2\/pages\/3398","targetHints":{"allow":["GET"]}}],"collection":[{"href":"https:\/\/univet.hu\/tangazdasag\/en\/wp-json\/wp\/v2\/pages"}],"about":[{"href":"https:\/\/univet.hu\/tangazdasag\/en\/wp-json\/wp\/v2\/types\/page"}],"author":[{"embeddable":true,"href":"https:\/\/univet.hu\/tangazdasag\/en\/wp-json\/wp\/v2\/users\/3837"}],"replies":[{"embeddable":true,"href":"https:\/\/univet.hu\/tangazdasag\/en\/wp-json\/wp\/v2\/comments?post=3398"}],"version-history":[{"count":1,"href":"https:\/\/univet.hu\/tangazdasag\/en\/wp-json\/wp\/v2\/pages\/3398\/revisions"}],"predecessor-version":[{"id":97982,"href":"https:\/\/univet.hu\/tangazdasag\/en\/wp-json\/wp\/v2\/pages\/3398\/revisions\/97982"}],"wp:attachment":[{"href":"https:\/\/univet.hu\/tangazdasag\/en\/wp-json\/wp\/v2\/media?parent=3398"}],"wp:term":[{"taxonomy":"category","embeddable":true,"href":"https:\/\/univet.hu\/tangazdasag\/en\/wp-json\/wp\/v2\/categories?post=3398"},{"taxonomy":"post_tag","embeddable":true,"href":"https:\/\/univet.hu\/tangazdasag\/en\/wp-json\/wp\/v2\/tags?post=3398"}],"curies":[{"name":"wp","href":"https:\/\/api.w.org\/{rel}","templated":true}]}}