{"id":97972,"date":"2024-01-24T11:43:17","date_gmt":"2024-01-24T10:43:17","guid":{"rendered":"https:\/\/univet.hu\/en\/about\/units\/experimental-farm\/name\/"},"modified":"2025-03-20T08:50:25","modified_gmt":"2025-03-20T07:50:25","slug":"animal-nursing-elective-informations","status":"publish","type":"page","link":"https:\/\/univet.hu\/tangazdasag\/en\/experimental-farm\/animal-nursing-elective-informations\/","title":{"rendered":"Animal Nursing elective informations"},"content":{"rendered":"<p><span style=\"font-size: 18pt\"><strong>2024-2025\/1 semester &#8211;\u00a0<\/strong><\/span><span style=\"font-size: 18pt\"><strong>Informations about the \u201eAnimal Nursing elective\u201d<\/strong><\/span><\/p> <p>&nbsp;<\/p> <p><span style=\"font-size: 14pt\">You can spend the practical week at the University\u2019s Theaching-Experimental Farm in \u00dcll\u0151 D\u00f3ra major.<\/span><\/p> <p>&nbsp;<\/p> <p><span style=\"font-size: 14pt\">Here you can see the exact location of it, it\u2019s in the neighborhood of the Horse and Large animal clinic, and I marked the meeting point on the picture below:<\/span><\/p> <p><span style=\"font-size: 14pt\"><a href=\"https:\/\/goo.gl\/maps\/J9bodtuT7vDBoEhQA\">https:\/\/goo.gl\/maps\/J9bodtuT7vDBoEhQA<\/a><\/span><\/p> <p><span style=\"font-size: 14pt\">You can use your own car, or the University transfer bus\u00a0 from the Istvan street campus (for actual bus informations check the www.univet.hu ).<\/span><\/p> <p>&nbsp;<\/p> <p><span style=\"font-size: 14pt\">The Experimental Farm presents all segments of agriculture, such as <strong>livestock<\/strong> (cattle, sheep, horses, poultry and swine), <strong>crop and animal feed production<\/strong>, in this semester we are going to work together with ruminants (livestock and sheep).<\/span><\/p> <p>&nbsp;<\/p> <p><span style=\"font-size: 14pt\">During the practical you will join to the farm daily routine and the veterinary cases, treatments too.<\/span><\/p> <p><span style=\"font-size: 14pt\">The timeframe of the practical usually starts from 8 AM and it lasts to 3 PM (Monday-Thursday), Friday is a shorter day, it ends after the lunchbreak (inbetween 8:00 \u2013 1:00 PM).<\/span><\/p> <p>&nbsp;<\/p> <p><span style=\"font-size: 14pt\"><strong>Between Monday-Friday you have an opportunity to sleep here at our new and modern student accomodation where you\u2019ll get bedding\/sheets and tableware (forks, knifes, spoons), or with your own car\/university bus you can go home too, and see you next day at 8.00 AM.<\/strong><\/span><\/p> <p>&nbsp;<\/p> <p><span style=\"font-size: 14pt\">On the first day we will wait for you between 8-9 AM at the entrance of the farm, and <strong>you can leave the farm at Friday (last day) 1PM after you write a (multiple choice) short test, and the weekend is free.<\/strong><\/span><\/p> <p><span style=\"font-size: 14pt\">At the area of \u201eD\u00f3ra major\u201d there is no restaurant or any other opportunity to buy some food, just a pair of coffee, drink and snack machines at the Horse Clinic, but you can order the Daily menu (vegan, gluten free, lactose free too) from a restaurant, you will get from us a link one week before the start, where you can choose, and this lunch is paid by the University. There are more restrooms for the students too.<\/span><\/p> <p><span style=\"font-size: 14pt\">The lunchbreak is at 12 o\u2019clock.<\/span><\/p> <p><span style=\"font-size: 14pt\">Please prepare with your own rubber boots or work shoes and work clothes for the practicals <strong>(not scrubs, just comfortable farm clothes).<\/strong><\/span><\/p> <p><span style=\"font-size: 14pt\"><strong>If you have any important exams or midterm tests during the timeframe of the practical at the University Campus (Budapest), you can miss that part of the day, but please tell us before and rejoin after.<\/strong><\/span><\/p> <p><span style=\"font-size: 14pt\">Please bring along your ID, Student card.<\/span><\/p> <p>&nbsp;<\/p> <p><span style=\"font-size: 14pt\">If you have any problem during the practical, we try to help you, but please contact your teachers or professors, and tell them you\u2019ll spend your week at our experimental farm.<\/span><\/p> <p><span style=\"font-size: 14pt\"><strong>Our support e-mail adress:<\/strong><\/span><\/p> <p><span style=\"font-size: 14pt\"><a class=\"decrypt\" rel=\"bojnbmovstjohAvojwfu\/iv\" href=\"javascript:void(0);\">[Click to see email]<\/a><\/span><\/p>","protected":false},"excerpt":{"rendered":"<p>2024-2025\/1 semester &#8211;\u00a0Informations about the \u201eAnimal Nursing elective\u201d &nbsp; You can spend the practical week at the University\u2019s Theaching-Experimental Farm in \u00dcll\u0151 D\u00f3ra major. &nbsp; Here you can see the exact location of it, it\u2019s in the neighborhood of the Horse and Large animal clinic, and I marked the meeting point on the picture below:<\/p>\n","protected":false},"author":4844,"featured_media":0,"parent":3398,"menu_order":0,"comment_status":"open","ping_status":"open","template":"","meta":{"_acf_changed":false,"footnotes":""},"categories":[],"tags":[],"class_list":["post-97972","page","type-page","status-publish","hentry"],"acf":[],"yoast_head":"<!-- This site is optimized with the Yoast SEO plugin v27.2 - https:\/\/yoast.com\/product\/yoast-seo-wordpress\/ -->\n<title>Animal Nursing elective informations - Tangazdas\u00e1g<\/title>\n<meta name=\"robots\" content=\"index, follow, max-snippet:-1, max-image-preview:large, max-video-preview:-1\" \/>\n<link rel=\"canonical\" href=\"https:\/\/univet.hu\/tangazdasag\/en\/experimental-farm\/animal-nursing-elective-informations\/\" \/>\n<meta property=\"og:locale\" content=\"en_US\" \/>\n<meta property=\"og:type\" content=\"article\" \/>\n<meta property=\"og:title\" content=\"Animal Nursing elective informations - Tangazdas\u00e1g\" \/>\n<meta property=\"og:description\" content=\"2024-2025\/1 semester &#8211;\u00a0Informations about the \u201eAnimal Nursing elective\u201d &nbsp; You can spend the practical week at the University\u2019s Theaching-Experimental Farm in \u00dcll\u0151 D\u00f3ra major. &nbsp; Here you can see the exact location of it, it\u2019s in the neighborhood of the Horse and Large animal clinic, and I marked the meeting point on the picture below:\" \/>\n<meta property=\"og:url\" content=\"https:\/\/univet.hu\/tangazdasag\/en\/experimental-farm\/animal-nursing-elective-informations\/\" \/>\n<meta property=\"og:site_name\" content=\"Tangazdas\u00e1g\" \/>\n<meta property=\"article:modified_time\" content=\"2025-03-20T07:50:25+00:00\" \/>\n<meta name=\"twitter:card\" content=\"summary_large_image\" \/>\n<meta name=\"twitter:label1\" content=\"Est. reading time\" \/>\n\t<meta name=\"twitter:data1\" content=\"2 minutes\" \/>\n<script type=\"application\/ld+json\" class=\"yoast-schema-graph\">{\"@context\":\"https:\/\/schema.org\",\"@graph\":[{\"@type\":\"WebPage\",\"@id\":\"https:\/\/univet.hu\/tangazdasag\/en\/experimental-farm\/animal-nursing-elective-informations\/\",\"url\":\"https:\/\/univet.hu\/tangazdasag\/en\/experimental-farm\/animal-nursing-elective-informations\/\",\"name\":\"Animal Nursing elective informations - Tangazdas\u00e1g\",\"isPartOf\":{\"@id\":\"https:\/\/univet.hu\/tangazdasag\/en\/#website\"},\"datePublished\":\"2024-01-24T10:43:17+00:00\",\"dateModified\":\"2025-03-20T07:50:25+00:00\",\"breadcrumb\":{\"@id\":\"https:\/\/univet.hu\/tangazdasag\/en\/experimental-farm\/animal-nursing-elective-informations\/#breadcrumb\"},\"inLanguage\":\"en-US\",\"potentialAction\":[{\"@type\":\"ReadAction\",\"target\":[\"https:\/\/univet.hu\/tangazdasag\/en\/experimental-farm\/animal-nursing-elective-informations\/\"]}]},{\"@type\":\"BreadcrumbList\",\"@id\":\"https:\/\/univet.hu\/tangazdasag\/en\/experimental-farm\/animal-nursing-elective-informations\/#breadcrumb\",\"itemListElement\":[{\"@type\":\"ListItem\",\"position\":1,\"name\":\"Kezd\u0151lap\",\"item\":\"https:\/\/univet.hu\/tangazdasag\/en\/\"},{\"@type\":\"ListItem\",\"position\":2,\"name\":\"Teaching Farm (TF)\",\"item\":\"https:\/\/univet.hu\/tangazdasag\/en\/\"},{\"@type\":\"ListItem\",\"position\":3,\"name\":\"Animal Nursing elective informations\"}]},{\"@type\":\"WebSite\",\"@id\":\"https:\/\/univet.hu\/tangazdasag\/en\/#website\",\"url\":\"https:\/\/univet.hu\/tangazdasag\/en\/\",\"name\":\"Tangazdas\u00e1g\",\"description\":\"\",\"potentialAction\":[{\"@type\":\"SearchAction\",\"target\":{\"@type\":\"EntryPoint\",\"urlTemplate\":\"https:\/\/univet.hu\/tangazdasag\/en\/?s={search_term_string}\"},\"query-input\":{\"@type\":\"PropertyValueSpecification\",\"valueRequired\":true,\"valueName\":\"search_term_string\"}}],\"inLanguage\":\"en-US\"}]}<\/script>\n<!-- \/ Yoast SEO plugin. -->","yoast_head_json":{"title":"Animal Nursing elective informations - Tangazdas\u00e1g","robots":{"index":"index","follow":"follow","max-snippet":"max-snippet:-1","max-image-preview":"max-image-preview:large","max-video-preview":"max-video-preview:-1"},"canonical":"https:\/\/univet.hu\/tangazdasag\/en\/experimental-farm\/animal-nursing-elective-informations\/","og_locale":"en_US","og_type":"article","og_title":"Animal Nursing elective informations - Tangazdas\u00e1g","og_description":"2024-2025\/1 semester &#8211;\u00a0Informations about the \u201eAnimal Nursing elective\u201d &nbsp; You can spend the practical week at the University\u2019s Theaching-Experimental Farm in \u00dcll\u0151 D\u00f3ra major. &nbsp; Here you can see the exact location of it, it\u2019s in the neighborhood of the Horse and Large animal clinic, and I marked the meeting point on the picture below:","og_url":"https:\/\/univet.hu\/tangazdasag\/en\/experimental-farm\/animal-nursing-elective-informations\/","og_site_name":"Tangazdas\u00e1g","article_modified_time":"2025-03-20T07:50:25+00:00","twitter_card":"summary_large_image","twitter_misc":{"Est. reading time":"2 minutes"},"schema":{"@context":"https:\/\/schema.org","@graph":[{"@type":"WebPage","@id":"https:\/\/univet.hu\/tangazdasag\/en\/experimental-farm\/animal-nursing-elective-informations\/","url":"https:\/\/univet.hu\/tangazdasag\/en\/experimental-farm\/animal-nursing-elective-informations\/","name":"Animal Nursing elective informations - Tangazdas\u00e1g","isPartOf":{"@id":"https:\/\/univet.hu\/tangazdasag\/en\/#website"},"datePublished":"2024-01-24T10:43:17+00:00","dateModified":"2025-03-20T07:50:25+00:00","breadcrumb":{"@id":"https:\/\/univet.hu\/tangazdasag\/en\/experimental-farm\/animal-nursing-elective-informations\/#breadcrumb"},"inLanguage":"en-US","potentialAction":[{"@type":"ReadAction","target":["https:\/\/univet.hu\/tangazdasag\/en\/experimental-farm\/animal-nursing-elective-informations\/"]}]},{"@type":"BreadcrumbList","@id":"https:\/\/univet.hu\/tangazdasag\/en\/experimental-farm\/animal-nursing-elective-informations\/#breadcrumb","itemListElement":[{"@type":"ListItem","position":1,"name":"Kezd\u0151lap","item":"https:\/\/univet.hu\/tangazdasag\/en\/"},{"@type":"ListItem","position":2,"name":"Teaching Farm (TF)","item":"https:\/\/univet.hu\/tangazdasag\/en\/"},{"@type":"ListItem","position":3,"name":"Animal Nursing elective informations"}]},{"@type":"WebSite","@id":"https:\/\/univet.hu\/tangazdasag\/en\/#website","url":"https:\/\/univet.hu\/tangazdasag\/en\/","name":"Tangazdas\u00e1g","description":"","potentialAction":[{"@type":"SearchAction","target":{"@type":"EntryPoint","urlTemplate":"https:\/\/univet.hu\/tangazdasag\/en\/?s={search_term_string}"},"query-input":{"@type":"PropertyValueSpecification","valueRequired":true,"valueName":"search_term_string"}}],"inLanguage":"en-US"}]}},"_links":{"self":[{"href":"https:\/\/univet.hu\/tangazdasag\/en\/wp-json\/wp\/v2\/pages\/97972","targetHints":{"allow":["GET"]}}],"collection":[{"href":"https:\/\/univet.hu\/tangazdasag\/en\/wp-json\/wp\/v2\/pages"}],"about":[{"href":"https:\/\/univet.hu\/tangazdasag\/en\/wp-json\/wp\/v2\/types\/page"}],"author":[{"embeddable":true,"href":"https:\/\/univet.hu\/tangazdasag\/en\/wp-json\/wp\/v2\/users\/4844"}],"replies":[{"embeddable":true,"href":"https:\/\/univet.hu\/tangazdasag\/en\/wp-json\/wp\/v2\/comments?post=97972"}],"version-history":[{"count":1,"href":"https:\/\/univet.hu\/tangazdasag\/en\/wp-json\/wp\/v2\/pages\/97972\/revisions"}],"predecessor-version":[{"id":97983,"href":"https:\/\/univet.hu\/tangazdasag\/en\/wp-json\/wp\/v2\/pages\/97972\/revisions\/97983"}],"up":[{"embeddable":true,"href":"https:\/\/univet.hu\/tangazdasag\/en\/wp-json\/wp\/v2\/pages\/3398"}],"wp:attachment":[{"href":"https:\/\/univet.hu\/tangazdasag\/en\/wp-json\/wp\/v2\/media?parent=97972"}],"wp:term":[{"taxonomy":"category","embeddable":true,"href":"https:\/\/univet.hu\/tangazdasag\/en\/wp-json\/wp\/v2\/categories?post=97972"},{"taxonomy":"post_tag","embeddable":true,"href":"https:\/\/univet.hu\/tangazdasag\/en\/wp-json\/wp\/v2\/tags?post=97972"}],"curies":[{"name":"wp","href":"https:\/\/api.w.org\/{rel}","templated":true}]}}