{"id":3397,"date":"2018-03-12T10:09:00","date_gmt":"2018-03-12T09:09:00","guid":{"rendered":"http:\/\/univet.hu\/egyetem\/szervezeti-egysegek\/ulloi-tangazdasag\/"},"modified":"2025-03-20T08:50:24","modified_gmt":"2025-03-20T07:50:24","slug":"tangazdasag","status":"publish","type":"page","link":"https:\/\/univet.hu\/tangazdasag\/","title":{"rendered":"Tangazdas\u00e1g"},"content":{"rendered":"<h2>Az egys\u00e9g t\u00f6rt\u00e9nete<\/h2> <div> <h2 style=\"text-align: center\"><strong>D\u00d3RA MAJOR<\/strong><\/h2> <p>Az \u00c1llatorvostudom\u00e1nyi Egyetem Tangazdas\u00e1ga <strong>D\u00f3ra majorban<\/strong> tal\u00e1lhat\u00f3, Budapestt\u0151l 34 kilom\u00e9ter t\u00e1vols\u00e1gra. A major a <strong>Pesti-s\u00edks\u00e1g<\/strong> sz\u00e9l\u00e9n fekszik, \u00dcll\u0151n a vecs\u00e9si j\u00e1r\u00e1sban.<\/p> <p>A Tangazdas\u00e1gban a mez\u0151gazdas\u00e1g teljes vertikuma megtal\u00e1lhat\u00f3, \u00fagymint az <strong>\u00e1llatteny\u00e9szt\u00e9s<\/strong> (szarvasmarha, juh, l\u00f3 \u00e9s sert\u00e9s), <strong>n\u00f6v\u00e9ny- \u00e9s takarm\u00e1nytermeszt\u00e9s<\/strong>, tov\u00e1bb\u00e1 <strong>gyakorlati lehet\u0151s\u00e9get<\/strong> biztos\u00edt magyar \u00e9s k\u00fclf\u00f6ldi di\u00e1kok r\u00e9sz\u00e9re. Bemutat\u00f3 programokat szerveznek \u00e1llatorvosok, iskolai csoportok \u00e9s a nagyk\u00f6z\u00f6ns\u00e9g sz\u00e1m\u00e1ra.<\/p> <h2 style=\"text-align: center\"><strong>Tangazdas\u00e1g<\/strong><\/h2> <p><img loading=\"lazy\" decoding=\"async\" class=\"wp-image-94794 aligncenter\" src=\"https:\/\/univet.hu\/tangazdasag\/wp-content\/uploads\/sites\/12\/2023\/09\/TangazdasagKepMagyar-320x64.png\" alt=\"\" width=\"605\" height=\"121\" \/><\/p> <h3><strong>T\u00f6rt\u00e9nete:<\/strong><\/h3> <p>A major <strong>D\u00f3ra S\u00e1ndorr\u00f3l<\/strong> kapta a nev\u00e9t, aki agyaggalambl\u00f6v\u0151 vil\u00e1gbajnok \u00e9s mez\u0151gazd\u00e1sz volt.<\/p> <p>1926-ban a Keszthelyi Agr\u00e1rtudom\u00e1nyi Egyetemen szerezte meg a mez\u0151gazda oklevelet. 1949-ig Magyarorsz\u00e1gon \u00e9lt, 1949-1964-ig San Remoban, azut\u00e1n visszat\u00e9rt Magyarorsz\u00e1gra \u00e9s \u00dcll\u0151 melletti birtok\u00e1n (D\u00f3ra major) telepedett le.<\/p> <p>D\u00f3ra major csak 1990-ben lett az egyetem k\u00eds\u00e9rleti int\u00e9zete, \u00e1llatteny\u00e9szt\u00e9si k\u00f6zpontk\u00e9nt a t\u00f6rt\u00e9nete m\u00e1r egy gener\u00e1ci\u00f3val kor\u00e1bbra visszany\u00falik:<\/p> <ul> <li>1982 december 31-ig OT\u00c1F Teljes\u00edtm\u00e9nyvizsg\u00e1l\u00f3 \u00c1llom\u00e1sa volt a Tangazdas\u00e1g.<\/li> <li>1983. janu\u00e1r 01-1987 december 31-ig G\u00f6d\u00f6ll\u0151i \u00c1llatteny\u00e9szt\u00e9si V\u00e1llalatk\u00e9nt m\u0171k\u00f6d\u00f6tt.<\/li> <li>1988. janu\u00e1r 01-1989. december 31-ig Debreceni \u00c1llatteny\u00e9szt\u00e9si V\u00e1llalat.<\/li> <li>1990. janu\u00e1r 01-j\u00e9t\u0151l az \u00c1llatorvostudom\u00e1nyi Egyetem K\u00eds\u00e9rleti Int\u00e9zete.<\/li> <li>1999 \u2013 2016 k\u00f6z\u00f6tt a Szent Istv\u00e1n Egyetem \u00c1llatorvostudom\u00e1nyi Kar\u00e1hoz tartozott.<\/li> <li>2016. j\u00falius 1-j\u00e9t\u0151l a m\u00e1r \u00f6n\u00e1ll\u00f3 \u00c1llatorvostudom\u00e1nyi Egyetem Tangazdas\u00e1gak\u00e9nt m\u0171k\u00f6dik.<\/li> <\/ul> <\/div> <p>&nbsp;<\/p> <p><span style=\"font-size: 18pt\"><strong>A Tangazdas\u00e1ggal, \u00e9s a Hetesi gyakorlatok oktat\u00e1s\u00e1val kapcsolatos tov\u00e1bbi inform\u00e1ci\u00f3k\u00e9rt k\u00e9rem l\u00e1togasson el a <a href=\"https:\/\/univet.hu\/hu\/tangazdasag\/\">D\u00f3ra Major weboldal\u00e1ra<\/a>.<\/strong><\/span><\/p>","protected":false},"excerpt":{"rendered":"<p>Az egys\u00e9g t\u00f6rt\u00e9nete D\u00d3RA MAJOR Az \u00c1llatorvostudom\u00e1nyi Egyetem Tangazdas\u00e1ga D\u00f3ra majorban tal\u00e1lhat\u00f3, Budapestt\u0151l 34 kilom\u00e9ter t\u00e1vols\u00e1gra. A major a Pesti-s\u00edks\u00e1g sz\u00e9l\u00e9n fekszik, \u00dcll\u0151n a vecs\u00e9si j\u00e1r\u00e1sban. A Tangazdas\u00e1gban a mez\u0151gazdas\u00e1g teljes vertikuma megtal\u00e1lhat\u00f3, \u00fagymint az \u00e1llatteny\u00e9szt\u00e9s (szarvasmarha, juh, l\u00f3 \u00e9s sert\u00e9s), n\u00f6v\u00e9ny- \u00e9s takarm\u00e1nytermeszt\u00e9s, tov\u00e1bb\u00e1 gyakorlati lehet\u0151s\u00e9get biztos\u00edt magyar \u00e9s k\u00fclf\u00f6ldi di\u00e1kok r\u00e9sz\u00e9re. Bemutat\u00f3 programokat<\/p>\n","protected":false},"author":3837,"featured_media":0,"parent":0,"menu_order":135,"comment_status":"closed","ping_status":"closed","template":"","meta":{"_acf_changed":false,"footnotes":""},"categories":[14],"tags":[],"class_list":["post-3397","page","type-page","status-publish","hentry","category-szervezeti-egysegek"],"acf":[],"yoast_head":"<!-- This site is optimized with the Yoast SEO plugin v27.2 - https:\/\/yoast.com\/product\/yoast-seo-wordpress\/ -->\n<title>Tangazdas\u00e1g - Tangazdas\u00e1g<\/title>\n<meta name=\"robots\" content=\"index, follow, max-snippet:-1, max-image-preview:large, max-video-preview:-1\" \/>\n<link rel=\"canonical\" href=\"https:\/\/univet.hu\/tangazdasag\/\" \/>\n<meta property=\"og:locale\" content=\"hu_HU\" \/>\n<meta property=\"og:type\" content=\"article\" \/>\n<meta property=\"og:title\" content=\"Tangazdas\u00e1g - Tangazdas\u00e1g\" \/>\n<meta property=\"og:description\" content=\"Az egys\u00e9g t\u00f6rt\u00e9nete D\u00d3RA MAJOR Az \u00c1llatorvostudom\u00e1nyi Egyetem Tangazdas\u00e1ga D\u00f3ra majorban tal\u00e1lhat\u00f3, Budapestt\u0151l 34 kilom\u00e9ter t\u00e1vols\u00e1gra. A major a Pesti-s\u00edks\u00e1g sz\u00e9l\u00e9n fekszik, \u00dcll\u0151n a vecs\u00e9si j\u00e1r\u00e1sban. A Tangazdas\u00e1gban a mez\u0151gazdas\u00e1g teljes vertikuma megtal\u00e1lhat\u00f3, \u00fagymint az \u00e1llatteny\u00e9szt\u00e9s (szarvasmarha, juh, l\u00f3 \u00e9s sert\u00e9s), n\u00f6v\u00e9ny- \u00e9s takarm\u00e1nytermeszt\u00e9s, tov\u00e1bb\u00e1 gyakorlati lehet\u0151s\u00e9get biztos\u00edt magyar \u00e9s k\u00fclf\u00f6ldi di\u00e1kok r\u00e9sz\u00e9re. Bemutat\u00f3 programokat\" \/>\n<meta property=\"og:url\" content=\"https:\/\/univet.hu\/tangazdasag\/\" \/>\n<meta property=\"og:site_name\" content=\"Tangazdas\u00e1g\" \/>\n<meta property=\"article:modified_time\" content=\"2025-03-20T07:50:24+00:00\" \/>\n<meta property=\"og:image\" content=\"https:\/\/univet.hu\/tangazdasag\/wp-content\/uploads\/sites\/12\/2023\/09\/TangazdasagKepMagyar-320x64.png\" \/>\n<meta name=\"twitter:card\" content=\"summary_large_image\" \/>\n<meta name=\"twitter:label1\" content=\"Becs\u00fclt olvas\u00e1si id\u0151\" \/>\n\t<meta name=\"twitter:data1\" content=\"2 perc\" \/>\n<script type=\"application\/ld+json\" class=\"yoast-schema-graph\">{\"@context\":\"https:\/\/schema.org\",\"@graph\":[{\"@type\":\"WebPage\",\"@id\":\"https:\/\/univet.hu\/tangazdasag\/\",\"url\":\"https:\/\/univet.hu\/tangazdasag\/\",\"name\":\"Tangazdas\u00e1g - Tangazdas\u00e1g\",\"isPartOf\":{\"@id\":\"https:\/\/univet.hu\/tangazdasag\/en\/#website\"},\"primaryImageOfPage\":{\"@id\":\"https:\/\/univet.hu\/tangazdasag\/#primaryimage\"},\"image\":{\"@id\":\"https:\/\/univet.hu\/tangazdasag\/#primaryimage\"},\"thumbnailUrl\":\"https:\/\/univet.hu\/tangazdasag\/wp-content\/uploads\/sites\/12\/2023\/09\/TangazdasagKepMagyar-320x64.png\",\"datePublished\":\"2018-03-12T09:09:00+00:00\",\"dateModified\":\"2025-03-20T07:50:24+00:00\",\"breadcrumb\":{\"@id\":\"https:\/\/univet.hu\/tangazdasag\/#breadcrumb\"},\"inLanguage\":\"hu\",\"potentialAction\":[{\"@type\":\"ReadAction\",\"target\":[\"https:\/\/univet.hu\/tangazdasag\/\"]}]},{\"@type\":\"ImageObject\",\"inLanguage\":\"hu\",\"@id\":\"https:\/\/univet.hu\/tangazdasag\/#primaryimage\",\"url\":\"https:\/\/univet.hu\/tangazdasag\/wp-content\/uploads\/sites\/12\/2023\/09\/TangazdasagKepMagyar.png\",\"contentUrl\":\"https:\/\/univet.hu\/tangazdasag\/wp-content\/uploads\/sites\/12\/2023\/09\/TangazdasagKepMagyar.png\",\"width\":661,\"height\":133},{\"@type\":\"BreadcrumbList\",\"@id\":\"https:\/\/univet.hu\/tangazdasag\/#breadcrumb\",\"itemListElement\":[{\"@type\":\"ListItem\",\"position\":1,\"name\":\"Kezd\u0151lap\",\"item\":\"https:\/\/univet.hu\/tangazdasag\/\"},{\"@type\":\"ListItem\",\"position\":2,\"name\":\"Tangazdas\u00e1g\"}]},{\"@type\":\"WebSite\",\"@id\":\"https:\/\/univet.hu\/tangazdasag\/en\/#website\",\"url\":\"https:\/\/univet.hu\/tangazdasag\/en\/\",\"name\":\"Tangazdas\u00e1g\",\"description\":\"\",\"potentialAction\":[{\"@type\":\"SearchAction\",\"target\":{\"@type\":\"EntryPoint\",\"urlTemplate\":\"https:\/\/univet.hu\/tangazdasag\/en\/?s={search_term_string}\"},\"query-input\":{\"@type\":\"PropertyValueSpecification\",\"valueRequired\":true,\"valueName\":\"search_term_string\"}}],\"inLanguage\":\"hu\"}]}<\/script>\n<!-- \/ Yoast SEO plugin. -->","yoast_head_json":{"title":"Tangazdas\u00e1g - Tangazdas\u00e1g","robots":{"index":"index","follow":"follow","max-snippet":"max-snippet:-1","max-image-preview":"max-image-preview:large","max-video-preview":"max-video-preview:-1"},"canonical":"https:\/\/univet.hu\/tangazdasag\/","og_locale":"hu_HU","og_type":"article","og_title":"Tangazdas\u00e1g - Tangazdas\u00e1g","og_description":"Az egys\u00e9g t\u00f6rt\u00e9nete D\u00d3RA MAJOR Az \u00c1llatorvostudom\u00e1nyi Egyetem Tangazdas\u00e1ga D\u00f3ra majorban tal\u00e1lhat\u00f3, Budapestt\u0151l 34 kilom\u00e9ter t\u00e1vols\u00e1gra. A major a Pesti-s\u00edks\u00e1g sz\u00e9l\u00e9n fekszik, \u00dcll\u0151n a vecs\u00e9si j\u00e1r\u00e1sban. A Tangazdas\u00e1gban a mez\u0151gazdas\u00e1g teljes vertikuma megtal\u00e1lhat\u00f3, \u00fagymint az \u00e1llatteny\u00e9szt\u00e9s (szarvasmarha, juh, l\u00f3 \u00e9s sert\u00e9s), n\u00f6v\u00e9ny- \u00e9s takarm\u00e1nytermeszt\u00e9s, tov\u00e1bb\u00e1 gyakorlati lehet\u0151s\u00e9get biztos\u00edt magyar \u00e9s k\u00fclf\u00f6ldi di\u00e1kok r\u00e9sz\u00e9re. Bemutat\u00f3 programokat","og_url":"https:\/\/univet.hu\/tangazdasag\/","og_site_name":"Tangazdas\u00e1g","article_modified_time":"2025-03-20T07:50:24+00:00","og_image":[{"url":"https:\/\/univet.hu\/tangazdasag\/wp-content\/uploads\/sites\/12\/2023\/09\/TangazdasagKepMagyar-320x64.png","type":"","width":"","height":""}],"twitter_card":"summary_large_image","twitter_misc":{"Becs\u00fclt olvas\u00e1si id\u0151":"2 perc"},"schema":{"@context":"https:\/\/schema.org","@graph":[{"@type":"WebPage","@id":"https:\/\/univet.hu\/tangazdasag\/","url":"https:\/\/univet.hu\/tangazdasag\/","name":"Tangazdas\u00e1g - Tangazdas\u00e1g","isPartOf":{"@id":"https:\/\/univet.hu\/tangazdasag\/en\/#website"},"primaryImageOfPage":{"@id":"https:\/\/univet.hu\/tangazdasag\/#primaryimage"},"image":{"@id":"https:\/\/univet.hu\/tangazdasag\/#primaryimage"},"thumbnailUrl":"https:\/\/univet.hu\/tangazdasag\/wp-content\/uploads\/sites\/12\/2023\/09\/TangazdasagKepMagyar-320x64.png","datePublished":"2018-03-12T09:09:00+00:00","dateModified":"2025-03-20T07:50:24+00:00","breadcrumb":{"@id":"https:\/\/univet.hu\/tangazdasag\/#breadcrumb"},"inLanguage":"hu","potentialAction":[{"@type":"ReadAction","target":["https:\/\/univet.hu\/tangazdasag\/"]}]},{"@type":"ImageObject","inLanguage":"hu","@id":"https:\/\/univet.hu\/tangazdasag\/#primaryimage","url":"https:\/\/univet.hu\/tangazdasag\/wp-content\/uploads\/sites\/12\/2023\/09\/TangazdasagKepMagyar.png","contentUrl":"https:\/\/univet.hu\/tangazdasag\/wp-content\/uploads\/sites\/12\/2023\/09\/TangazdasagKepMagyar.png","width":661,"height":133},{"@type":"BreadcrumbList","@id":"https:\/\/univet.hu\/tangazdasag\/#breadcrumb","itemListElement":[{"@type":"ListItem","position":1,"name":"Kezd\u0151lap","item":"https:\/\/univet.hu\/tangazdasag\/"},{"@type":"ListItem","position":2,"name":"Tangazdas\u00e1g"}]},{"@type":"WebSite","@id":"https:\/\/univet.hu\/tangazdasag\/en\/#website","url":"https:\/\/univet.hu\/tangazdasag\/en\/","name":"Tangazdas\u00e1g","description":"","potentialAction":[{"@type":"SearchAction","target":{"@type":"EntryPoint","urlTemplate":"https:\/\/univet.hu\/tangazdasag\/en\/?s={search_term_string}"},"query-input":{"@type":"PropertyValueSpecification","valueRequired":true,"valueName":"search_term_string"}}],"inLanguage":"hu"}]}},"_links":{"self":[{"href":"https:\/\/univet.hu\/tangazdasag\/wp-json\/wp\/v2\/pages\/3397","targetHints":{"allow":["GET"]}}],"collection":[{"href":"https:\/\/univet.hu\/tangazdasag\/wp-json\/wp\/v2\/pages"}],"about":[{"href":"https:\/\/univet.hu\/tangazdasag\/wp-json\/wp\/v2\/types\/page"}],"author":[{"embeddable":true,"href":"https:\/\/univet.hu\/tangazdasag\/wp-json\/wp\/v2\/users\/3837"}],"replies":[{"embeddable":true,"href":"https:\/\/univet.hu\/tangazdasag\/wp-json\/wp\/v2\/comments?post=3397"}],"version-history":[{"count":1,"href":"https:\/\/univet.hu\/tangazdasag\/wp-json\/wp\/v2\/pages\/3397\/revisions"}],"predecessor-version":[{"id":97978,"href":"https:\/\/univet.hu\/tangazdasag\/wp-json\/wp\/v2\/pages\/3397\/revisions\/97978"}],"wp:attachment":[{"href":"https:\/\/univet.hu\/tangazdasag\/wp-json\/wp\/v2\/media?parent=3397"}],"wp:term":[{"taxonomy":"category","embeddable":true,"href":"https:\/\/univet.hu\/tangazdasag\/wp-json\/wp\/v2\/categories?post=3397"},{"taxonomy":"post_tag","embeddable":true,"href":"https:\/\/univet.hu\/tangazdasag\/wp-json\/wp\/v2\/tags?post=3397"}],"curies":[{"name":"wp","href":"https:\/\/api.w.org\/{rel}","templated":true}]}}