{"id":3389,"date":"1970-01-01T00:00:00","date_gmt":"1969-12-31T23:00:00","guid":{"rendered":"http:\/\/univet.hu\/universitaet\/organisationseinheiten\/lehrstuhl-fur-sport-und-bewegung\/"},"modified":"2025-03-20T08:28:05","modified_gmt":"2025-03-20T07:28:05","slug":"lehrstuhl-fur-sport-und-bewegung","status":"publish","type":"page","link":"https:\/\/univet.hu\/testnevelesi-tanszek\/de\/","title":{"rendered":"Lehrstuhl f\u00fcr Sport und Bewegung"},"content":{"rendered":"<h3>Geschichte des Lehrstuhls f\u00fcr Sport<\/h3> <p>Anfang der 1900er Jahre konnten die Studenten der Tiermedizin im Rahmen des \u201eHochschulkreises\u201c Sport treiben. Dieser hatte die Organisation der wissenschaftlichen literarischen T\u00e4tigkeit und des Sports sowie der Interessenvertretung der Studenten zur Aufgabe.<\/p> <p>Laut der offiziellen Mitteilung der Hochschulleitung vom 1. Oktober 1910 \u201ewurde mit den Bauarbeiten f\u00fcr das neue Geb\u00e4ude des Mensa-Vereins auf dem Grundst\u00fcck der Hochschule bereits begonnen&#8230; (und) die sich daran anschlie\u00dfende Sporthalle wird auch die M\u00f6glichkeit zum Fechten und f\u00fcr andere Leibes\u00fcbungen bieten.\u201c<\/p> <p>Zu dieser Zeit wurde der \u201eTurnkreis der Tiermedizinstudenten\u201c gegr\u00fcndet, dem eine gut ausgestattete Turnhalle zur Verf\u00fcgung stand. Im Rahme des Turnkreises wurden Ger\u00e4teturnen und Fechten angeboten.<\/p> <p>Zur Er\u00f6ffnungsfeier des akademischen Jahrs 1928 verk\u00fcndete Rektor Ferenc Hutyra, dass an der Hochschule f\u00fcr Tiermedizin der obligatorische Sportunterricht eingef\u00fchrt wird.<\/p> <p>In den 1930er Jahren wurde das Angebot an Sportdisziplinen um Leichtathletik, Sportschie\u00dfen und Reiten erweitert. 1934 wurde der Sportverein der Hochschule f\u00fcr Tiermedizin gegr\u00fcndet, der zahlreiche Sportwettbewerbe f\u00fcr Universit\u00e4ten organisierte.<\/p> <p>1947 richtete die Institution den \u00c1SE (ung. Abk\u00fcrzung f\u00fcr Sportverein der Veterin\u00e4rmedizinischen Universit\u00e4t) ein.<\/p> <p>1952 nahm der Lehrstuhl f\u00fcr Sport unter der Leitung des Sportlehrers Zolt\u00e1n Cs\u00e1nyi seine T\u00e4tigkeit auf.<\/p> <p>1970 wurde die neue Turnhalle gebaut und in den darauffolgenden 40 Jahren wurden allm\u00e4hlich die derzeitigen objektiven Bedingungen f\u00fcr den Sportunterricht (Konditionsraum, Spiegelraum, Sauna, Outdoor-Fitnessger\u00e4te) geschaffen.<\/p> <p>Leiter des Lehrstuhls f\u00fcr Sport waren in den sp\u00e4teren Jahren S\u00e1ndor Horv\u00e1th, R\u00e1nkyn\u00e9 Ang\u00e9la N\u00e9meth und Levente Deli.<\/p> <p>Quelle: Diplomarbeiten von R\u00f3bert Koch und \u00c9va \u00d6tv\u00f6s<\/p> <p>Trainer und Sportlehrer in den tiermedizinischen Studieng\u00e4ngen<\/p> <p>Ritter Santelli und seine Assistenten \u2013 Ger\u00e4teturnen, Fechten (1910er Jahre)<\/p> <p>Konstantin Neubauer Physiklehrer \u2013 Reiterverein (1928)<\/p> <p>J\u00f3zsef N\u00e9medy Turnlehrer \u2013 Turnen (1933)<\/p> <p>Antal Liszy Diplom-Fechtmeister (1933)<\/p> <p>Zolt\u00e1n Cs\u00e1nyi Sportlehrer, Lehrstuhlleiter (1952-1978)<\/p> <p>S\u00e1ndor Horv\u00e1th Sportlehrer, Lehrstuhlleiter (1978-1990)<\/p> <p>Ang\u00e9la N\u00e9meth Sportlehrerin, Lehrstuhlleiterin (1982-2008)<\/p> <p>Lajos M\u00e9sz\u00e1ros Sportlehrer\u00a0\u00a0\u00a0\u00a0 (1980-1988)<\/p> <p>J\u00e1nos Rig\u00f3 Sportlehrer\u00a0\u00a0\u00a0\u00a0 (1986-1988)<\/p> <p>Attila Buj\u00e1ki Sportlehrer\u00a0\u00a0\u00a0\u00a0 (1988-1993)<\/p> <p>R\u00f3bert Fuszek Sportlehrer\u00a0\u00a0\u00a0\u00a0 (1993-1996)<\/p> <p>&nbsp;<\/p> <p>Aktuelle Sportlehrer:<\/p> <p>Levente Deli, Sportlehrer, Lehrstuhlleiter\u00a0\u00a0\u00a0\u00a0\u00a0\u00a0\u00a0\u00a0\u00a0\u00a0\u00a0 (1985-<\/p> <p>R\u00e9ka R\u00e1nky Sportlehrerin\u00a0\u00a0\u00a0\u00a0\u00a0\u00a0\u00a0\u00a0\u00a0 (2008-<\/p> <p>Trainings und Sportaktivit\u00e4ten<\/p> <p>Trainings und Sportaktivit\u00e4ten:<\/p> <p>Floorball: Dienstag 16:00 \u2013 17:30<\/p> <p>Volleyball: Montag 16:00 \u2013 18:00 und Donnerstag 20:00 \u2013 22:00<\/p> <p>Basketball: Montag: 18:00 \u2013 20:00 und Mittwoch 20:00 \u2013 22:00<\/p> <p>Fu\u00dfball: Montag 20:00 \u2013 22:00, Mittwoch 16:30 \u2013 20:00 und Donnerstag 16:00 \u2013 18:00<\/p> <p>Yoga: Freitag 13:15 \u2013 14:30<\/p> <p>Tai-chi: Mittwoch 15:15 \u2013 16:45<\/p> <p>TRX: Montag 18:30 \u2013 19:30 und Donnerstag 18:00 \u2013 19:00<\/p> <p>Karate: Montag 20:00 \u2013 21:30 und Donnerstag 19:00 \u2013 21:00<\/p> <p>Selbstverteidigung: Dienstag 18:00 \u2013 20:00, Donnerstag 12:00 \u2013 14:00 und Donnerstag 14:00 \u2013 15:30<\/p> <p>Cheerleader: Donnerstag 16:00 \u2013 18:00<\/p> <div> <p>&nbsp;<\/p> <\/div>","protected":false},"excerpt":{"rendered":"<p>Geschichte des Lehrstuhls f\u00fcr Sport Anfang der 1900er Jahre konnten die Studenten der Tiermedizin im Rahmen des \u201eHochschulkreises\u201c Sport treiben. Dieser hatte die Organisation der wissenschaftlichen literarischen T\u00e4tigkeit und des Sports sowie der Interessenvertretung der Studenten zur Aufgabe. Laut der offiziellen Mitteilung der Hochschulleitung vom 1. Oktober 1910 \u201ewurde mit den Bauarbeiten f\u00fcr das neue<\/p>\n","protected":false},"author":3837,"featured_media":0,"parent":0,"menu_order":135,"comment_status":"closed","ping_status":"closed","template":"","meta":{"_acf_changed":false,"footnotes":""},"categories":[16],"tags":[],"class_list":["post-3389","page","type-page","status-publish","hentry","category-abteilungen"],"acf":[],"yoast_head":"<!-- This site is optimized with the Yoast SEO plugin v27.2 - https:\/\/yoast.com\/product\/yoast-seo-wordpress\/ -->\n<title>Lehrstuhl f\u00fcr Sport und Bewegung - Testnevel\u00e9si Tansz\u00e9k<\/title>\n<meta name=\"robots\" content=\"index, follow, max-snippet:-1, max-image-preview:large, max-video-preview:-1\" \/>\n<link rel=\"canonical\" href=\"https:\/\/univet.hu\/testnevelesi-tanszek\/de\/\" \/>\n<meta property=\"og:locale\" content=\"de_DE\" \/>\n<meta property=\"og:type\" content=\"article\" \/>\n<meta property=\"og:title\" content=\"Lehrstuhl f\u00fcr Sport und Bewegung - Testnevel\u00e9si Tansz\u00e9k\" \/>\n<meta property=\"og:description\" content=\"Geschichte des Lehrstuhls f\u00fcr Sport Anfang der 1900er Jahre konnten die Studenten der Tiermedizin im Rahmen des \u201eHochschulkreises\u201c Sport treiben. Dieser hatte die Organisation der wissenschaftlichen literarischen T\u00e4tigkeit und des Sports sowie der Interessenvertretung der Studenten zur Aufgabe. Laut der offiziellen Mitteilung der Hochschulleitung vom 1. Oktober 1910 \u201ewurde mit den Bauarbeiten f\u00fcr das neue\" \/>\n<meta property=\"og:url\" content=\"https:\/\/univet.hu\/testnevelesi-tanszek\/de\/\" \/>\n<meta property=\"og:site_name\" content=\"Testnevel\u00e9si Tansz\u00e9k\" \/>\n<meta property=\"article:modified_time\" content=\"2025-03-20T07:28:05+00:00\" \/>\n<meta name=\"twitter:card\" content=\"summary_large_image\" \/>\n<meta name=\"twitter:label1\" content=\"Gesch\u00e4tzte Lesezeit\" \/>\n\t<meta name=\"twitter:data1\" content=\"2\u00a0Minuten\" \/>\n<script type=\"application\/ld+json\" class=\"yoast-schema-graph\">{\"@context\":\"https:\/\/schema.org\",\"@graph\":[{\"@type\":\"WebPage\",\"@id\":\"https:\/\/univet.hu\/testnevelesi-tanszek\/de\/\",\"url\":\"https:\/\/univet.hu\/testnevelesi-tanszek\/de\/\",\"name\":\"Lehrstuhl f\u00fcr Sport und Bewegung - Testnevel\u00e9si Tansz\u00e9k\",\"isPartOf\":{\"@id\":\"https:\/\/univet.hu\/testnevelesi-tanszek\/en\/#website\"},\"datePublished\":\"1969-12-31T23:00:00+00:00\",\"dateModified\":\"2025-03-20T07:28:05+00:00\",\"breadcrumb\":{\"@id\":\"https:\/\/univet.hu\/testnevelesi-tanszek\/de\/#breadcrumb\"},\"inLanguage\":\"de\",\"potentialAction\":[{\"@type\":\"ReadAction\",\"target\":[\"https:\/\/univet.hu\/testnevelesi-tanszek\/de\/\"]}]},{\"@type\":\"BreadcrumbList\",\"@id\":\"https:\/\/univet.hu\/testnevelesi-tanszek\/de\/#breadcrumb\",\"itemListElement\":[{\"@type\":\"ListItem\",\"position\":1,\"name\":\"Kezd\u0151lap\",\"item\":\"https:\/\/univet.hu\/testnevelesi-tanszek\/de\/\"},{\"@type\":\"ListItem\",\"position\":2,\"name\":\"Lehrstuhl f\u00fcr Sport und Bewegung\"}]},{\"@type\":\"WebSite\",\"@id\":\"https:\/\/univet.hu\/testnevelesi-tanszek\/en\/#website\",\"url\":\"https:\/\/univet.hu\/testnevelesi-tanszek\/en\/\",\"name\":\"Testnevel\u00e9si Tansz\u00e9k\",\"description\":\"\",\"potentialAction\":[{\"@type\":\"SearchAction\",\"target\":{\"@type\":\"EntryPoint\",\"urlTemplate\":\"https:\/\/univet.hu\/testnevelesi-tanszek\/en\/?s={search_term_string}\"},\"query-input\":{\"@type\":\"PropertyValueSpecification\",\"valueRequired\":true,\"valueName\":\"search_term_string\"}}],\"inLanguage\":\"de\"}]}<\/script>\n<!-- \/ Yoast SEO plugin. -->","yoast_head_json":{"title":"Lehrstuhl f\u00fcr Sport und Bewegung - Testnevel\u00e9si Tansz\u00e9k","robots":{"index":"index","follow":"follow","max-snippet":"max-snippet:-1","max-image-preview":"max-image-preview:large","max-video-preview":"max-video-preview:-1"},"canonical":"https:\/\/univet.hu\/testnevelesi-tanszek\/de\/","og_locale":"de_DE","og_type":"article","og_title":"Lehrstuhl f\u00fcr Sport und Bewegung - Testnevel\u00e9si Tansz\u00e9k","og_description":"Geschichte des Lehrstuhls f\u00fcr Sport Anfang der 1900er Jahre konnten die Studenten der Tiermedizin im Rahmen des \u201eHochschulkreises\u201c Sport treiben. Dieser hatte die Organisation der wissenschaftlichen literarischen T\u00e4tigkeit und des Sports sowie der Interessenvertretung der Studenten zur Aufgabe. Laut der offiziellen Mitteilung der Hochschulleitung vom 1. Oktober 1910 \u201ewurde mit den Bauarbeiten f\u00fcr das neue","og_url":"https:\/\/univet.hu\/testnevelesi-tanszek\/de\/","og_site_name":"Testnevel\u00e9si Tansz\u00e9k","article_modified_time":"2025-03-20T07:28:05+00:00","twitter_card":"summary_large_image","twitter_misc":{"Gesch\u00e4tzte Lesezeit":"2\u00a0Minuten"},"schema":{"@context":"https:\/\/schema.org","@graph":[{"@type":"WebPage","@id":"https:\/\/univet.hu\/testnevelesi-tanszek\/de\/","url":"https:\/\/univet.hu\/testnevelesi-tanszek\/de\/","name":"Lehrstuhl f\u00fcr Sport und Bewegung - Testnevel\u00e9si Tansz\u00e9k","isPartOf":{"@id":"https:\/\/univet.hu\/testnevelesi-tanszek\/en\/#website"},"datePublished":"1969-12-31T23:00:00+00:00","dateModified":"2025-03-20T07:28:05+00:00","breadcrumb":{"@id":"https:\/\/univet.hu\/testnevelesi-tanszek\/de\/#breadcrumb"},"inLanguage":"de","potentialAction":[{"@type":"ReadAction","target":["https:\/\/univet.hu\/testnevelesi-tanszek\/de\/"]}]},{"@type":"BreadcrumbList","@id":"https:\/\/univet.hu\/testnevelesi-tanszek\/de\/#breadcrumb","itemListElement":[{"@type":"ListItem","position":1,"name":"Kezd\u0151lap","item":"https:\/\/univet.hu\/testnevelesi-tanszek\/de\/"},{"@type":"ListItem","position":2,"name":"Lehrstuhl f\u00fcr Sport und Bewegung"}]},{"@type":"WebSite","@id":"https:\/\/univet.hu\/testnevelesi-tanszek\/en\/#website","url":"https:\/\/univet.hu\/testnevelesi-tanszek\/en\/","name":"Testnevel\u00e9si Tansz\u00e9k","description":"","potentialAction":[{"@type":"SearchAction","target":{"@type":"EntryPoint","urlTemplate":"https:\/\/univet.hu\/testnevelesi-tanszek\/en\/?s={search_term_string}"},"query-input":{"@type":"PropertyValueSpecification","valueRequired":true,"valueName":"search_term_string"}}],"inLanguage":"de"}]}},"_links":{"self":[{"href":"https:\/\/univet.hu\/testnevelesi-tanszek\/de\/wp-json\/wp\/v2\/pages\/3389","targetHints":{"allow":["GET"]}}],"collection":[{"href":"https:\/\/univet.hu\/testnevelesi-tanszek\/de\/wp-json\/wp\/v2\/pages"}],"about":[{"href":"https:\/\/univet.hu\/testnevelesi-tanszek\/de\/wp-json\/wp\/v2\/types\/page"}],"author":[{"embeddable":true,"href":"https:\/\/univet.hu\/testnevelesi-tanszek\/de\/wp-json\/wp\/v2\/users\/3837"}],"replies":[{"embeddable":true,"href":"https:\/\/univet.hu\/testnevelesi-tanszek\/de\/wp-json\/wp\/v2\/comments?post=3389"}],"version-history":[{"count":1,"href":"https:\/\/univet.hu\/testnevelesi-tanszek\/de\/wp-json\/wp\/v2\/pages\/3389\/revisions"}],"predecessor-version":[{"id":94901,"href":"https:\/\/univet.hu\/testnevelesi-tanszek\/de\/wp-json\/wp\/v2\/pages\/3389\/revisions\/94901"}],"wp:attachment":[{"href":"https:\/\/univet.hu\/testnevelesi-tanszek\/de\/wp-json\/wp\/v2\/media?parent=3389"}],"wp:term":[{"taxonomy":"category","embeddable":true,"href":"https:\/\/univet.hu\/testnevelesi-tanszek\/de\/wp-json\/wp\/v2\/categories?post=3389"},{"taxonomy":"post_tag","embeddable":true,"href":"https:\/\/univet.hu\/testnevelesi-tanszek\/de\/wp-json\/wp\/v2\/tags?post=3389"}],"curies":[{"name":"wp","href":"https:\/\/api.w.org\/{rel}","templated":true}]}}