{"id":94829,"date":"2019-03-04T12:35:54","date_gmt":"2019-03-04T11:35:54","guid":{"rendered":"https:\/\/univet.hu\/?page_id=94829"},"modified":"2025-03-20T08:28:06","modified_gmt":"2025-03-20T07:28:06","slug":"uebungen-und-sportliche-aktivitaeten","status":"publish","type":"page","link":"https:\/\/univet.hu\/testnevelesi-tanszek\/de\/lehrstuhl-fur-sport-und-bewegung\/uebungen-und-sportliche-aktivitaeten\/","title":{"rendered":"\u00dcbungen und sportliche Aktivit\u00e4ten"},"content":{"rendered":"<p><span style=\"text-decoration: underline\"><strong>\u00dcbungen und sportliche Aktivit\u00e4ten:<\/strong><\/span><\/p> <p><strong>Fitnessstudio<\/strong><\/p> <p><strong>Unihockey<\/strong>: Donnerstag: 18:00-20:00 Uhr<\/p> <p><strong>Volleyball<\/strong>: Dienstag: 20:00\u201322:00 Uhr, Mittwoch 18:00-20:00 Uhr und Donnerstag: 20:00\u201322:00 Uhr<\/p> <p><strong>Badminton<\/strong> (f\u00fcr Arbeiter): Mittwoch: 16:00-17:00 Uhr<\/p> <p><strong>Fu\u00dfball<\/strong> (f\u00fcr Arbeiter): Donnerstag: 16:00\u201318:00 Uhr<\/p> <p><strong>Basketball<\/strong>: Montag: 18:00\u201320:00 Uhr und Mittwoch: 20:00\u201322:00 Uhr<\/p> <p><strong>KLEINER RAUM<\/strong><\/p> <p><strong>TRX<\/strong>: Montag 17:00 \u2013 18:00 und Donnerstag 17:00 \u2013 18:00<\/p> <p><strong>Yoga<\/strong> (f\u00fcr Arbeitnehmer): Dienstag: 16:00\u201318:00 Uhr<\/p> <p><strong>KONDITIONIERUNGSRAUM<\/strong><\/p> <p>\u00d6ffnungszeiten: Montag-Donnerstag\u00a0 7:00-18:00 Uhr\u00a0 Freitag\u00a0\u00a0\u00a0 7:00-13:00 Uhr<\/p> <p>&nbsp;<\/p> <p><strong>Empfangsklasse der Abteilung f\u00fcr Studierende<\/strong><\/p> <p>Deli Levente\u00a0 \u00a0 \u00a0 \u00a0 \u00a0 \u00a0 Donnerstag\u00a0 \u00a0 \u00a0 \u00a0zwischen 10-12<\/p> <p>R\u00e1nky R\u00e9ka\u00a0 \u00a0 \u00a0 \u00a0 \u00a0 \u00a0 Dienstag\u00a0 \u00a0 \u00a0 \u00a0 \u00a0 \u00a0\u00a0 zwischen 12-14<\/p> <p>&nbsp;<\/p> <p>&nbsp;<\/p>","protected":false},"excerpt":{"rendered":"<p>\u00dcbungen und sportliche Aktivit\u00e4ten: Fitnessstudio Unihockey: Donnerstag: 18:00-20:00 Uhr Volleyball: Dienstag: 20:00\u201322:00 Uhr, Mittwoch 18:00-20:00 Uhr und Donnerstag: 20:00\u201322:00 Uhr Badminton (f\u00fcr Arbeiter): Mittwoch: 16:00-17:00 Uhr Fu\u00dfball (f\u00fcr Arbeiter): Donnerstag: 16:00\u201318:00 Uhr Basketball: Montag: 18:00\u201320:00 Uhr und Mittwoch: 20:00\u201322:00 Uhr KLEINER RAUM TRX: Montag 17:00 \u2013 18:00 und Donnerstag 17:00 \u2013 18:00 Yoga (f\u00fcr Arbeitnehmer):<\/p>\n","protected":false},"author":3837,"featured_media":0,"parent":3389,"menu_order":73,"comment_status":"closed","ping_status":"closed","template":"","meta":{"_acf_changed":false,"footnotes":""},"categories":[],"tags":[],"class_list":["post-94829","page","type-page","status-publish","hentry"],"acf":[],"yoast_head":"<!-- This site is optimized with the Yoast SEO plugin v27.2 - https:\/\/yoast.com\/product\/yoast-seo-wordpress\/ -->\n<title>\u00dcbungen und sportliche Aktivit\u00e4ten - Testnevel\u00e9si Tansz\u00e9k<\/title>\n<meta name=\"robots\" content=\"index, follow, max-snippet:-1, max-image-preview:large, max-video-preview:-1\" \/>\n<link rel=\"canonical\" href=\"https:\/\/univet.hu\/testnevelesi-tanszek\/de\/lehrstuhl-fur-sport-und-bewegung\/uebungen-und-sportliche-aktivitaeten\/\" \/>\n<meta property=\"og:locale\" content=\"de_DE\" \/>\n<meta property=\"og:type\" content=\"article\" \/>\n<meta property=\"og:title\" content=\"\u00dcbungen und sportliche Aktivit\u00e4ten - Testnevel\u00e9si Tansz\u00e9k\" \/>\n<meta property=\"og:description\" content=\"\u00dcbungen und sportliche Aktivit\u00e4ten: Fitnessstudio Unihockey: Donnerstag: 18:00-20:00 Uhr Volleyball: Dienstag: 20:00\u201322:00 Uhr, Mittwoch 18:00-20:00 Uhr und Donnerstag: 20:00\u201322:00 Uhr Badminton (f\u00fcr Arbeiter): Mittwoch: 16:00-17:00 Uhr Fu\u00dfball (f\u00fcr Arbeiter): Donnerstag: 16:00\u201318:00 Uhr Basketball: Montag: 18:00\u201320:00 Uhr und Mittwoch: 20:00\u201322:00 Uhr KLEINER RAUM TRX: Montag 17:00 \u2013 18:00 und Donnerstag 17:00 \u2013 18:00 Yoga (f\u00fcr Arbeitnehmer):\" \/>\n<meta property=\"og:url\" content=\"https:\/\/univet.hu\/testnevelesi-tanszek\/de\/lehrstuhl-fur-sport-und-bewegung\/uebungen-und-sportliche-aktivitaeten\/\" \/>\n<meta property=\"og:site_name\" content=\"Testnevel\u00e9si Tansz\u00e9k\" \/>\n<meta property=\"article:modified_time\" content=\"2025-03-20T07:28:06+00:00\" \/>\n<meta name=\"twitter:card\" content=\"summary_large_image\" \/>\n<script type=\"application\/ld+json\" class=\"yoast-schema-graph\">{\"@context\":\"https:\/\/schema.org\",\"@graph\":[{\"@type\":\"WebPage\",\"@id\":\"https:\/\/univet.hu\/testnevelesi-tanszek\/de\/lehrstuhl-fur-sport-und-bewegung\/uebungen-und-sportliche-aktivitaeten\/\",\"url\":\"https:\/\/univet.hu\/testnevelesi-tanszek\/de\/lehrstuhl-fur-sport-und-bewegung\/uebungen-und-sportliche-aktivitaeten\/\",\"name\":\"\u00dcbungen und sportliche Aktivit\u00e4ten - Testnevel\u00e9si Tansz\u00e9k\",\"isPartOf\":{\"@id\":\"https:\/\/univet.hu\/testnevelesi-tanszek\/en\/#website\"},\"datePublished\":\"2019-03-04T11:35:54+00:00\",\"dateModified\":\"2025-03-20T07:28:06+00:00\",\"breadcrumb\":{\"@id\":\"https:\/\/univet.hu\/testnevelesi-tanszek\/de\/lehrstuhl-fur-sport-und-bewegung\/uebungen-und-sportliche-aktivitaeten\/#breadcrumb\"},\"inLanguage\":\"de\",\"potentialAction\":[{\"@type\":\"ReadAction\",\"target\":[\"https:\/\/univet.hu\/testnevelesi-tanszek\/de\/lehrstuhl-fur-sport-und-bewegung\/uebungen-und-sportliche-aktivitaeten\/\"]}]},{\"@type\":\"BreadcrumbList\",\"@id\":\"https:\/\/univet.hu\/testnevelesi-tanszek\/de\/lehrstuhl-fur-sport-und-bewegung\/uebungen-und-sportliche-aktivitaeten\/#breadcrumb\",\"itemListElement\":[{\"@type\":\"ListItem\",\"position\":1,\"name\":\"Kezd\u0151lap\",\"item\":\"https:\/\/univet.hu\/testnevelesi-tanszek\/de\/\"},{\"@type\":\"ListItem\",\"position\":2,\"name\":\"Lehrstuhl f\u00fcr Sport und Bewegung\",\"item\":\"https:\/\/univet.hu\/testnevelesi-tanszek\/de\/\"},{\"@type\":\"ListItem\",\"position\":3,\"name\":\"\u00dcbungen und sportliche Aktivit\u00e4ten\"}]},{\"@type\":\"WebSite\",\"@id\":\"https:\/\/univet.hu\/testnevelesi-tanszek\/en\/#website\",\"url\":\"https:\/\/univet.hu\/testnevelesi-tanszek\/en\/\",\"name\":\"Testnevel\u00e9si Tansz\u00e9k\",\"description\":\"\",\"potentialAction\":[{\"@type\":\"SearchAction\",\"target\":{\"@type\":\"EntryPoint\",\"urlTemplate\":\"https:\/\/univet.hu\/testnevelesi-tanszek\/en\/?s={search_term_string}\"},\"query-input\":{\"@type\":\"PropertyValueSpecification\",\"valueRequired\":true,\"valueName\":\"search_term_string\"}}],\"inLanguage\":\"de\"}]}<\/script>\n<!-- \/ Yoast SEO plugin. -->","yoast_head_json":{"title":"\u00dcbungen und sportliche Aktivit\u00e4ten - Testnevel\u00e9si Tansz\u00e9k","robots":{"index":"index","follow":"follow","max-snippet":"max-snippet:-1","max-image-preview":"max-image-preview:large","max-video-preview":"max-video-preview:-1"},"canonical":"https:\/\/univet.hu\/testnevelesi-tanszek\/de\/lehrstuhl-fur-sport-und-bewegung\/uebungen-und-sportliche-aktivitaeten\/","og_locale":"de_DE","og_type":"article","og_title":"\u00dcbungen und sportliche Aktivit\u00e4ten - Testnevel\u00e9si Tansz\u00e9k","og_description":"\u00dcbungen und sportliche Aktivit\u00e4ten: Fitnessstudio Unihockey: Donnerstag: 18:00-20:00 Uhr Volleyball: Dienstag: 20:00\u201322:00 Uhr, Mittwoch 18:00-20:00 Uhr und Donnerstag: 20:00\u201322:00 Uhr Badminton (f\u00fcr Arbeiter): Mittwoch: 16:00-17:00 Uhr Fu\u00dfball (f\u00fcr Arbeiter): Donnerstag: 16:00\u201318:00 Uhr Basketball: Montag: 18:00\u201320:00 Uhr und Mittwoch: 20:00\u201322:00 Uhr KLEINER RAUM TRX: Montag 17:00 \u2013 18:00 und Donnerstag 17:00 \u2013 18:00 Yoga (f\u00fcr Arbeitnehmer):","og_url":"https:\/\/univet.hu\/testnevelesi-tanszek\/de\/lehrstuhl-fur-sport-und-bewegung\/uebungen-und-sportliche-aktivitaeten\/","og_site_name":"Testnevel\u00e9si Tansz\u00e9k","article_modified_time":"2025-03-20T07:28:06+00:00","twitter_card":"summary_large_image","schema":{"@context":"https:\/\/schema.org","@graph":[{"@type":"WebPage","@id":"https:\/\/univet.hu\/testnevelesi-tanszek\/de\/lehrstuhl-fur-sport-und-bewegung\/uebungen-und-sportliche-aktivitaeten\/","url":"https:\/\/univet.hu\/testnevelesi-tanszek\/de\/lehrstuhl-fur-sport-und-bewegung\/uebungen-und-sportliche-aktivitaeten\/","name":"\u00dcbungen und sportliche Aktivit\u00e4ten - Testnevel\u00e9si Tansz\u00e9k","isPartOf":{"@id":"https:\/\/univet.hu\/testnevelesi-tanszek\/en\/#website"},"datePublished":"2019-03-04T11:35:54+00:00","dateModified":"2025-03-20T07:28:06+00:00","breadcrumb":{"@id":"https:\/\/univet.hu\/testnevelesi-tanszek\/de\/lehrstuhl-fur-sport-und-bewegung\/uebungen-und-sportliche-aktivitaeten\/#breadcrumb"},"inLanguage":"de","potentialAction":[{"@type":"ReadAction","target":["https:\/\/univet.hu\/testnevelesi-tanszek\/de\/lehrstuhl-fur-sport-und-bewegung\/uebungen-und-sportliche-aktivitaeten\/"]}]},{"@type":"BreadcrumbList","@id":"https:\/\/univet.hu\/testnevelesi-tanszek\/de\/lehrstuhl-fur-sport-und-bewegung\/uebungen-und-sportliche-aktivitaeten\/#breadcrumb","itemListElement":[{"@type":"ListItem","position":1,"name":"Kezd\u0151lap","item":"https:\/\/univet.hu\/testnevelesi-tanszek\/de\/"},{"@type":"ListItem","position":2,"name":"Lehrstuhl f\u00fcr Sport und Bewegung","item":"https:\/\/univet.hu\/testnevelesi-tanszek\/de\/"},{"@type":"ListItem","position":3,"name":"\u00dcbungen und sportliche Aktivit\u00e4ten"}]},{"@type":"WebSite","@id":"https:\/\/univet.hu\/testnevelesi-tanszek\/en\/#website","url":"https:\/\/univet.hu\/testnevelesi-tanszek\/en\/","name":"Testnevel\u00e9si Tansz\u00e9k","description":"","potentialAction":[{"@type":"SearchAction","target":{"@type":"EntryPoint","urlTemplate":"https:\/\/univet.hu\/testnevelesi-tanszek\/en\/?s={search_term_string}"},"query-input":{"@type":"PropertyValueSpecification","valueRequired":true,"valueName":"search_term_string"}}],"inLanguage":"de"}]}},"_links":{"self":[{"href":"https:\/\/univet.hu\/testnevelesi-tanszek\/de\/wp-json\/wp\/v2\/pages\/94829","targetHints":{"allow":["GET"]}}],"collection":[{"href":"https:\/\/univet.hu\/testnevelesi-tanszek\/de\/wp-json\/wp\/v2\/pages"}],"about":[{"href":"https:\/\/univet.hu\/testnevelesi-tanszek\/de\/wp-json\/wp\/v2\/types\/page"}],"author":[{"embeddable":true,"href":"https:\/\/univet.hu\/testnevelesi-tanszek\/de\/wp-json\/wp\/v2\/users\/3837"}],"replies":[{"embeddable":true,"href":"https:\/\/univet.hu\/testnevelesi-tanszek\/de\/wp-json\/wp\/v2\/comments?post=94829"}],"version-history":[{"count":1,"href":"https:\/\/univet.hu\/testnevelesi-tanszek\/de\/wp-json\/wp\/v2\/pages\/94829\/revisions"}],"predecessor-version":[{"id":94907,"href":"https:\/\/univet.hu\/testnevelesi-tanszek\/de\/wp-json\/wp\/v2\/pages\/94829\/revisions\/94907"}],"up":[{"embeddable":true,"href":"https:\/\/univet.hu\/testnevelesi-tanszek\/de\/wp-json\/wp\/v2\/pages\/3389"}],"wp:attachment":[{"href":"https:\/\/univet.hu\/testnevelesi-tanszek\/de\/wp-json\/wp\/v2\/media?parent=94829"}],"wp:term":[{"taxonomy":"category","embeddable":true,"href":"https:\/\/univet.hu\/testnevelesi-tanszek\/de\/wp-json\/wp\/v2\/categories?post=94829"},{"taxonomy":"post_tag","embeddable":true,"href":"https:\/\/univet.hu\/testnevelesi-tanszek\/de\/wp-json\/wp\/v2\/tags?post=94829"}],"curies":[{"name":"wp","href":"https:\/\/api.w.org\/{rel}","templated":true}]}}