{"id":94841,"date":"2019-03-04T12:09:05","date_gmt":"2019-03-04T11:09:05","guid":{"rendered":"https:\/\/univet.hu\/?page_id=94841"},"modified":"2025-03-20T08:28:05","modified_gmt":"2025-03-20T07:28:05","slug":"bildung-und-lehrplan","status":"publish","type":"page","link":"https:\/\/univet.hu\/testnevelesi-tanszek\/de\/lehrstuhl-fur-sport-und-bewegung\/bildung-und-lehrplan\/","title":{"rendered":"Bildung und Lehrplan"},"content":{"rendered":"<p><strong><span class=\"emphasis\">Sport ist ein obligatorisches Kriteriumsfach im Umfang von 5 Semestern in der Veterin\u00e4rausbildung und von 3 Semestern in der Biologie-BSc-Ausbildung. Der Sportunterricht findet zu den im Stundenplan angegebenen Zeiten in Gruppen statt, wobei die Studierenden in 2er-Gruppen teilnehmen.<\/span><\/strong><\/p> <p><strong>Das Thema des Sportfachs:<\/strong><br \/> <strong>Definition des Themas<\/strong><\/p> <p>Der Zweck des Sportunterrichts besteht darin, die Gesundheit der Sch\u00fcler zu erhalten und zu st\u00e4rken, ihre k\u00f6rperliche Verfassung und ihre k\u00f6rperlichen F\u00e4higkeiten zu entwickeln und das Bed\u00fcrfnis nach Leibeserziehung und Sport zu wecken und zu entwickeln.<\/p> <ol> <li><strong>Definition des Themas: <\/strong>Der Zweck des Sportunterrichts besteht darin, die Gesundheit der Sch\u00fcler zu erhalten und zu st\u00e4rken, ihre k\u00f6rperliche Verfassung und ihre k\u00f6rperlichen F\u00e4higkeiten zu entwickeln und das Bed\u00fcrfnis nach Leibeserziehung und Sport zu wecken und zu entwickeln.<\/li> <li><strong>Der Platz des Faches in der tier\u00e4rztlichen Ausbildung<\/strong><br \/> Mit Hilfe verschiedener Sportarten und Gymnastik eine gute k\u00f6rperliche Verfassung erreichen und die Ausdauer verbessern, um sicherzustellen, dass die Doktoranden f\u00fcr ihre Arbeit fit sind.<\/li> <li><strong>Allgemeine Aufgaben des Faches<\/strong><br \/> P\u00e4dagogische Aufgaben: Entwicklung der k\u00f6rperlichen F\u00e4higkeiten der Sch\u00fcler durch Vermittlung der Grundsportarten (Leichtathletik, Ballsport, Schwimmen, Turnen usw.): Kenntnis der Technik und Regeln verschiedener Sportarten.<br \/> P\u00e4dagogische Aufgaben: Verst\u00e4ndnis der Notwendigkeit und Bedeutung von Leibeserziehung und Sport. Wecken Sie das Interesse der Sch\u00fcler am Freizeitsport und entwickeln Sie so ihren Mut, ihre Z\u00e4higkeit und den Aufbau von Teamgeist.<\/li> <li><strong>Der Zusammenhang des Faches mit der Vor- und Aufbauausbildung<\/strong><br \/> Die Aufgabe unserer Abteilung besteht darin, die k\u00f6rperlichen und sportlichen F\u00e4higkeiten der Sch\u00fcler verschiedener weiterf\u00fchrender Schulen auf ein gleiches Niveau zu bringen und ihre Defizite auszugleichen. Erlernen von mindestens zwei Schwimmarten f\u00fcr Schwimmanf\u00e4nger. Unterrichten von Sportarten, die nach Abschluss der Ausbildung alleine, zu zweit oder in Teams ausge\u00fcbt werden k\u00f6nnen.<\/li> <li><strong>Einordnung des Faches in der Ausbildung, Stundenplan, Credits<\/strong><\/li> <\/ol> <table> <tbody> <tr> <td><\/td> <td>1.<\/td> <td>2.<\/td> <td>3.<\/td> <td>4.<\/td> <td>5.<\/td> <td>gesamt<\/td> <\/tr> <tr> <td><strong>\u00dcben<\/strong><\/td> <td>30<\/td> <td>30<\/td> <td>30<\/td> <td>30<\/td> <td>30<\/td> <td>150<\/td> <\/tr> <tr> <td>Kreditsumme<\/td> <td>30<\/td> <td>30<\/td> <td>30<\/td> <td>30<\/td> <td>30<\/td> <td>150<\/td> <\/tr> <\/tbody> <\/table> <ol start=\"6\"> <li>Kurs<\/li> <\/ol> <p><strong>Allgemeine Aufgaben in den ersten 5 Semestern<\/strong><\/p> <ul> <li>\u00dcbungen beim Gehen und Laufen. Freie, Doppel-, Rippenwand- und manuelle \u00dcbungen<\/li> <li>Vorbereitende \u00dcbungen, Dehn\u00fcbungen, Entwicklung sportlicher F\u00e4higkeiten.<\/li> <li>Ballspiel\u00fcbungen, Regelkenntnisse.<\/li> <li>Ballspiele in Spielsituationen \u00fcben.<\/li> <li>Ballspiele in Spielsituationen \u00fcben.<\/li> <li>Kraftaufbau, Bauch-R\u00fccken-Arm- und Beinmuskel\u00fcbungen.<\/li> <li>Somatologisches Wissen<\/li> <\/ul> <p>&nbsp;<\/p> <h4>Erstes Semester 30 Unterrichtsstunden, BASKETBALL<\/h4> <p style=\"padding-left: 30px\"><strong>1-4. Unterricht<\/strong><\/p> <p style=\"padding-left: 30px\">Beurteilung und Nivellierung der Vorqualifikation der Studierenden. Geschicklichkeitsentwicklung 1 oder mit 2 B\u00e4llen<\/p> <p style=\"padding-left: 30px\">Regeln: Abmessungen des Spielfelds, Spielfeld, Ring und Ball, Spielzeit<\/p> <p style=\"padding-left: 30px\"><strong><em>5-8. Unterricht<\/em><\/strong><\/p> <p style=\"padding-left: 30px\">Den Ball mit der rechten und linken Hand schlagen, mit dem Ball starten und stoppen. Beidh\u00e4ndige \u00dcbertragungen. Aus dem Stand zum Korb werfen.<\/p> <p style=\"padding-left: 30px\">Regeln: Schrittregel, 3-, 5-, 10-Sekunden-Regeln<\/p> <p style=\"padding-left: 30px\"><strong><em>9-12. Unterricht<\/em><\/strong><\/p> <p style=\"padding-left: 30px\">Starttrick, den Ball mit beiden H\u00e4nden treiben. Ein Liegendwurf aus dem Stand mit beiden H\u00e4nden. Defensive Beinarbeit.<\/p> <p style=\"padding-left: 30px\">Regeln: Fu\u00dfregel, pers\u00f6nliche Fouls<\/p> <p style=\"padding-left: 30px\"><strong><em>13-14. Unterricht<\/em><\/strong><\/p> <p style=\"padding-left: 30px\">Basketballspiel mit 3 Mannschaften nach den bekannten Regeln. Round-Robin<\/p> <p style=\"padding-left: 30px\"><strong><em>15-19. Unterricht<\/em><\/strong><\/p> <p style=\"padding-left: 30px\">Passen, Werfen, Mitteldistanzwurf. Verfolge Sch\u00fcsse, ergreife defensive und offensive Rebounds. 1:1 Spiel gegen.<\/p> <p style=\"padding-left: 30px\">Regeln: Pflichten des Schiedsrichters.<\/p> <p style=\"padding-left: 30px\"><strong><em>20-22. Unterricht<\/em><\/strong><\/p> <p style=\"padding-left: 30px\">Tempowerfendes 1:1- und 2:2-Spiel auf dem gesamten Platz.<\/p> <p style=\"padding-left: 30px\">Regeln: die Signale des Schiedsrichters<\/p> <p style=\"padding-left: 30px\"><strong><em>23-26. Unterricht<\/em><\/strong><\/p> <p style=\"padding-left: 30px\">L\u00e4uft und blockt in 2:2- und 3:3-Spielsituationen.<\/p> <p style=\"padding-left: 30px\">Besondere Situationen im Schiedsrichterwesen.<\/p> <p style=\"padding-left: 30px\"><strong><em>27-30. Unterricht<\/em><\/strong><\/p> <p style=\"padding-left: 30px\">Halbfeld- und Vollfeldspiel nach den Regeln.<\/p> <p style=\"padding-left: 30px\">Man-Catching-Verteidigung.<\/p> <h4>Zweites Semester 30 Unterrichtsstunden, VOLLEYBALL<\/h4> <p style=\"padding-left: 30px\"><strong>\u00a0<em>1-8.\u00a0Unterricht<\/em><\/strong><\/p> <p style=\"padding-left: 30px\">Entwicklung der Ballf\u00e4higkeiten. Base Touch und Wedge Touch im Stehen und in der Bewegung, alleine und zu zweit. Abmessungen des Spielfelds, Balls, Netzh\u00f6he. Regelm\u00e4\u00dfige Ber\u00fchrung. Rotationsregeln, Ergebnisberechnung.<\/p> <p style=\"padding-left: 30px\"><em>\u00a0<\/em><strong><em>9-14. Unterricht<\/em><\/strong><\/p> <p style=\"padding-left: 30px\">Den Ball kontinuierlich in der Luft halten, Gruppen\u00fcbungen. Ber\u00fchre den Ball aus einem Sprung. Servieren, servieren. Regeln f\u00fcr den ersten, zweiten und dritten Kontakt, Regeln f\u00fcr den Aufschlag, Regeln f\u00fcr das Netzspiel.<\/p> <p style=\"padding-left: 30px\"><strong><em>15-16. Unterricht<\/em><\/strong><\/p> <p style=\"padding-left: 30px\">Volleyballspiel mit vereinfachten Regeln.<\/p> <p style=\"padding-left: 30px\"><strong><em>17-22. Unterricht<\/em><\/strong><\/p> <p style=\"padding-left: 30px\">Den Ball \u00fcber den Kopf, r\u00fcckw\u00e4rts oder seitw\u00e4rts spielen. Obere gerade \u00d6ffnung, Zuschlag.<\/p> <p style=\"padding-left: 30px\">B\u00f6rsenregeln. Verk\u00fcrztes Spiel im 5. Satz.<\/p> <p style=\"padding-left: 30px\"><strong><em>23-28. Unterricht<\/em><\/strong><\/p> <p style=\"padding-left: 30px\">Dehn\u00fcbungen. 1, 2 oder Blocken mit 3 Spielern: Den Block abdecken.<\/p> <p style=\"padding-left: 30px\">Pflichten des Schiedsrichters.<\/p> <p style=\"padding-left: 30px\"><strong><em>29-30. Unterricht<\/em><\/strong><\/p> <p style=\"padding-left: 30px\">Nach den Regeln spielen.<\/p> <p>&nbsp;<\/p> <h4>Drittes Semester 30 Unterrichtsstunden, HALLENFUSSBALL<\/h4> <p style=\"padding-left: 30px\"><strong><em>1-6. Unterricht<\/em><\/strong><\/p> <p style=\"padding-left: 30px\">\u00dcbungen zur Geschicklichkeitsentwicklung mit einem Ball. Gerade P\u00e4sse nach innen. P\u00e4sse im Stehen und in der Bewegung: Bewegung mit und ohne Ball. Abwehrbewegung.<\/p> <p style=\"padding-left: 30px\">Die Abmessungen des Spielfelds, des Tores und des Balls.<\/p> <p style=\"padding-left: 30px\"><strong>7-12. Unterricht<\/strong><\/p> <p style=\"padding-left: 30px\">Den Ball von au\u00dfen, von innen oder mit Angst weiterspielen. Heading in Couples ist ein Tauschspiel f\u00fcr 2-3 Spieler. Spielzeit, Spieler, Torwart, Feldspielregeln.<\/p> <p style=\"padding-left: 30px\"><strong><em>13-16. Unterricht<\/em><\/strong><\/p> <p style=\"padding-left: 30px\">Hodenentfernung mit Brust, Oberschenkel und Bein. Triangulation. Den Ball mit Richtungswechseln steuern, auf das Tor schie\u00dfen.<\/p> <p style=\"padding-left: 30px\">Torabsto\u00dfregeln.<\/p> <p style=\"padding-left: 30px\"><strong><em>17-18. Unterricht<\/em><\/strong><\/p> <p style=\"padding-left: 30px\">Nach den Regeln spielen. Round-Robin mit 3 Teams.<\/p> <p style=\"padding-left: 30px\"><strong><em>19-22. Unterricht<\/em><\/strong><\/p> <p style=\"padding-left: 30px\">Passen vom Schlagen des Balls, Schlagen des Balls mit dem empfangenen Ball, Entfernen des Balls in der Luft. Abwehrbewegung.<\/p> <p style=\"padding-left: 30px\">Pers\u00f6nliche Foulregeln.<\/p> <p style=\"padding-left: 30px\"><strong><em>23-26. Unterricht<\/em><\/strong><\/p> <p style=\"padding-left: 30px\">Tricksen mit und ohne Ball. Kopf zum Ziel. Koordinierte Arbeit der Defensivspieler.<\/p> <p style=\"padding-left: 30px\"><strong><em>27-30. Unterricht<\/em><\/strong><\/p> <p style=\"padding-left: 30px\">Nach den Regeln spielen. Spieleraustausch.<\/p> <p>&nbsp;<\/p> <h4>Viertes Semester 30 Unterrichtsstunden, Badminton<\/h4> <p style=\"text-align: left\"><strong><em>1-6. Unterricht<\/em><\/strong><\/p> <p style=\"text-align: left\">Griff, Geschicklichkeitsentwicklung, Beinarbeit, Handfl\u00e4chenaufschlag, kontinuierliches Spiel mit Handfl\u00e4chenschl\u00e4gen. Gerade und kreuzende Striche.<\/p> <p>Spielfeld-, Netz-, Schl\u00e4ger- und Ballgr\u00f6\u00dfen, Spielregeln.<\/p> <h4 style=\"padding-left: 30px\"><strong><em>7-10. Unterricht<\/em><\/strong><\/h4> <h4 style=\"padding-left: 30px\">R\u00fcckhand. Kontinuierliches Spiel mit R\u00fcckhandschlag. Empfang von Organen.<\/h4> <h4 style=\"padding-left: 30px\">Regeln zum Servieren und Servieren.<\/h4> <p style=\"padding-left: 30px\"><strong><em>11-14. Unterricht<\/em><\/strong><\/p> <p style=\"padding-left: 30px\">Kontinuierliches Spiel mit Vorhand und R\u00fccken. Gerade und kreuzende Striche.<\/p> <p style=\"padding-left: 30px\">Berechnung des Ergebnisses (Punkte).<\/p> <p style=\"padding-left: 30px\"><strong><em>15-16. Unterricht<\/em><\/strong><\/p> <p style=\"padding-left: 30px\">Kontinuierliches Spiel mit erlernten Regeln und ge\u00fcbten Schl\u00e4gen.<\/p> <p style=\"padding-left: 30px\"><strong><em>17-24. Unterricht<\/em><\/strong><\/p> <p style=\"padding-left: 30px\">Werfen, schlagen, fallenlassen.<\/p> <p style=\"padding-left: 30px\">Wettbewerbsregeln. Regeln f\u00fcr besondere Situationen.<\/p> <p style=\"padding-left: 30px\"><strong><em>25-30. Unterricht<\/em><\/strong><\/p> <p style=\"padding-left: 30px\">Kombination von Grundlinien- und Nettospiel. Doppelspiel. Position des Doppelspiels. Position im Doppelspiel.<\/p> <p style=\"padding-left: 30px\">Spielregeln f\u00fcr das Doppelte.<\/p> <p>&nbsp;<\/p> <h4>F\u00fcnftes Semester 30 Unterrichtsstunden<\/h4> <h4>Freie Ein\u00fcbung des Stoffs der ersten vier Semester. Einzel- und Teamwettbewerbe.<\/h4> <p>&nbsp;<\/p> <ol start=\"7\"> <li><strong>Methoden und Einrichtungen f\u00fcr den Fachunterricht.<\/strong><\/li> <\/ol> <p>Die Noten werden in Gruppen benotet. Methode: m\u00fcndlicher Unterricht und praktische Demonstration. Ausstattung: das Fitnessstudio der Fakult\u00e4t, das f\u00fcr Basketball, Tennis, Volleyball, Badminton und Gymnastik geeignet ist, sowie ein gut ausgestatteter Konditionsraum.<\/p> <ol start=\"8\"> <li><strong>Erfordernis<\/strong><\/li> <\/ol> <p>Nach der Teilnahme an einer bestimmten Anzahl praktischer Sitzungen erfolgt die Unterzeichnung der Halbjahreszulassung.<\/p> <p>&nbsp;<\/p> <p><strong>Befreiung:<\/strong><\/p> <p>Eine Befreiung von der Teilnahme am Sportunterricht ist mit einem Gesundheits- und Sportzeugnis m\u00f6glich. \u00dcber den Antrag auf Befreiung entscheidet der Leiter der Sportabteilung zu Beginn des jeweiligen Semesters.<\/p> <p>&nbsp;<\/p> <p>&nbsp;<\/p> <p>&nbsp;<\/p> <p>&nbsp;<\/p>","protected":false},"excerpt":{"rendered":"<p>Sport ist ein obligatorisches Kriteriumsfach im Umfang von 5 Semestern in der Veterin\u00e4rausbildung und von 3 Semestern in der Biologie-BSc-Ausbildung. Der Sportunterricht findet zu den im Stundenplan angegebenen Zeiten in Gruppen statt, wobei die Studierenden in 2er-Gruppen teilnehmen. Das Thema des Sportfachs: Definition des Themas Der Zweck des Sportunterrichts besteht darin, die Gesundheit der Sch\u00fcler<\/p>\n","protected":false},"author":3837,"featured_media":0,"parent":3389,"menu_order":68,"comment_status":"closed","ping_status":"closed","template":"","meta":{"_acf_changed":false,"footnotes":""},"categories":[],"tags":[],"class_list":["post-94841","page","type-page","status-publish","hentry"],"acf":[],"yoast_head":"<!-- This site is optimized with the Yoast SEO plugin v27.2 - https:\/\/yoast.com\/product\/yoast-seo-wordpress\/ -->\n<title>Bildung und Lehrplan - Testnevel\u00e9si Tansz\u00e9k<\/title>\n<meta name=\"robots\" content=\"index, follow, max-snippet:-1, max-image-preview:large, max-video-preview:-1\" \/>\n<link rel=\"canonical\" href=\"https:\/\/univet.hu\/testnevelesi-tanszek\/de\/lehrstuhl-fur-sport-und-bewegung\/bildung-und-lehrplan\/\" \/>\n<meta property=\"og:locale\" content=\"de_DE\" \/>\n<meta property=\"og:type\" content=\"article\" \/>\n<meta property=\"og:title\" content=\"Bildung und Lehrplan - Testnevel\u00e9si Tansz\u00e9k\" \/>\n<meta property=\"og:description\" content=\"Sport ist ein obligatorisches Kriteriumsfach im Umfang von 5 Semestern in der Veterin\u00e4rausbildung und von 3 Semestern in der Biologie-BSc-Ausbildung. Der Sportunterricht findet zu den im Stundenplan angegebenen Zeiten in Gruppen statt, wobei die Studierenden in 2er-Gruppen teilnehmen. Das Thema des Sportfachs: Definition des Themas Der Zweck des Sportunterrichts besteht darin, die Gesundheit der Sch\u00fcler\" \/>\n<meta property=\"og:url\" content=\"https:\/\/univet.hu\/testnevelesi-tanszek\/de\/lehrstuhl-fur-sport-und-bewegung\/bildung-und-lehrplan\/\" \/>\n<meta property=\"og:site_name\" content=\"Testnevel\u00e9si Tansz\u00e9k\" \/>\n<meta property=\"article:modified_time\" content=\"2025-03-20T07:28:05+00:00\" \/>\n<meta name=\"twitter:card\" content=\"summary_large_image\" \/>\n<meta name=\"twitter:label1\" content=\"Gesch\u00e4tzte Lesezeit\" \/>\n\t<meta name=\"twitter:data1\" content=\"5\u00a0Minuten\" \/>\n<script type=\"application\/ld+json\" class=\"yoast-schema-graph\">{\"@context\":\"https:\/\/schema.org\",\"@graph\":[{\"@type\":\"WebPage\",\"@id\":\"https:\/\/univet.hu\/testnevelesi-tanszek\/de\/lehrstuhl-fur-sport-und-bewegung\/bildung-und-lehrplan\/\",\"url\":\"https:\/\/univet.hu\/testnevelesi-tanszek\/de\/lehrstuhl-fur-sport-und-bewegung\/bildung-und-lehrplan\/\",\"name\":\"Bildung und Lehrplan - Testnevel\u00e9si Tansz\u00e9k\",\"isPartOf\":{\"@id\":\"https:\/\/univet.hu\/testnevelesi-tanszek\/en\/#website\"},\"datePublished\":\"2019-03-04T11:09:05+00:00\",\"dateModified\":\"2025-03-20T07:28:05+00:00\",\"breadcrumb\":{\"@id\":\"https:\/\/univet.hu\/testnevelesi-tanszek\/de\/lehrstuhl-fur-sport-und-bewegung\/bildung-und-lehrplan\/#breadcrumb\"},\"inLanguage\":\"de\",\"potentialAction\":[{\"@type\":\"ReadAction\",\"target\":[\"https:\/\/univet.hu\/testnevelesi-tanszek\/de\/lehrstuhl-fur-sport-und-bewegung\/bildung-und-lehrplan\/\"]}]},{\"@type\":\"BreadcrumbList\",\"@id\":\"https:\/\/univet.hu\/testnevelesi-tanszek\/de\/lehrstuhl-fur-sport-und-bewegung\/bildung-und-lehrplan\/#breadcrumb\",\"itemListElement\":[{\"@type\":\"ListItem\",\"position\":1,\"name\":\"Kezd\u0151lap\",\"item\":\"https:\/\/univet.hu\/testnevelesi-tanszek\/de\/\"},{\"@type\":\"ListItem\",\"position\":2,\"name\":\"Lehrstuhl f\u00fcr Sport und Bewegung\",\"item\":\"https:\/\/univet.hu\/testnevelesi-tanszek\/de\/\"},{\"@type\":\"ListItem\",\"position\":3,\"name\":\"Bildung und Lehrplan\"}]},{\"@type\":\"WebSite\",\"@id\":\"https:\/\/univet.hu\/testnevelesi-tanszek\/en\/#website\",\"url\":\"https:\/\/univet.hu\/testnevelesi-tanszek\/en\/\",\"name\":\"Testnevel\u00e9si Tansz\u00e9k\",\"description\":\"\",\"potentialAction\":[{\"@type\":\"SearchAction\",\"target\":{\"@type\":\"EntryPoint\",\"urlTemplate\":\"https:\/\/univet.hu\/testnevelesi-tanszek\/en\/?s={search_term_string}\"},\"query-input\":{\"@type\":\"PropertyValueSpecification\",\"valueRequired\":true,\"valueName\":\"search_term_string\"}}],\"inLanguage\":\"de\"}]}<\/script>\n<!-- \/ Yoast SEO plugin. -->","yoast_head_json":{"title":"Bildung und Lehrplan - Testnevel\u00e9si Tansz\u00e9k","robots":{"index":"index","follow":"follow","max-snippet":"max-snippet:-1","max-image-preview":"max-image-preview:large","max-video-preview":"max-video-preview:-1"},"canonical":"https:\/\/univet.hu\/testnevelesi-tanszek\/de\/lehrstuhl-fur-sport-und-bewegung\/bildung-und-lehrplan\/","og_locale":"de_DE","og_type":"article","og_title":"Bildung und Lehrplan - Testnevel\u00e9si Tansz\u00e9k","og_description":"Sport ist ein obligatorisches Kriteriumsfach im Umfang von 5 Semestern in der Veterin\u00e4rausbildung und von 3 Semestern in der Biologie-BSc-Ausbildung. Der Sportunterricht findet zu den im Stundenplan angegebenen Zeiten in Gruppen statt, wobei die Studierenden in 2er-Gruppen teilnehmen. Das Thema des Sportfachs: Definition des Themas Der Zweck des Sportunterrichts besteht darin, die Gesundheit der Sch\u00fcler","og_url":"https:\/\/univet.hu\/testnevelesi-tanszek\/de\/lehrstuhl-fur-sport-und-bewegung\/bildung-und-lehrplan\/","og_site_name":"Testnevel\u00e9si Tansz\u00e9k","article_modified_time":"2025-03-20T07:28:05+00:00","twitter_card":"summary_large_image","twitter_misc":{"Gesch\u00e4tzte Lesezeit":"5\u00a0Minuten"},"schema":{"@context":"https:\/\/schema.org","@graph":[{"@type":"WebPage","@id":"https:\/\/univet.hu\/testnevelesi-tanszek\/de\/lehrstuhl-fur-sport-und-bewegung\/bildung-und-lehrplan\/","url":"https:\/\/univet.hu\/testnevelesi-tanszek\/de\/lehrstuhl-fur-sport-und-bewegung\/bildung-und-lehrplan\/","name":"Bildung und Lehrplan - Testnevel\u00e9si Tansz\u00e9k","isPartOf":{"@id":"https:\/\/univet.hu\/testnevelesi-tanszek\/en\/#website"},"datePublished":"2019-03-04T11:09:05+00:00","dateModified":"2025-03-20T07:28:05+00:00","breadcrumb":{"@id":"https:\/\/univet.hu\/testnevelesi-tanszek\/de\/lehrstuhl-fur-sport-und-bewegung\/bildung-und-lehrplan\/#breadcrumb"},"inLanguage":"de","potentialAction":[{"@type":"ReadAction","target":["https:\/\/univet.hu\/testnevelesi-tanszek\/de\/lehrstuhl-fur-sport-und-bewegung\/bildung-und-lehrplan\/"]}]},{"@type":"BreadcrumbList","@id":"https:\/\/univet.hu\/testnevelesi-tanszek\/de\/lehrstuhl-fur-sport-und-bewegung\/bildung-und-lehrplan\/#breadcrumb","itemListElement":[{"@type":"ListItem","position":1,"name":"Kezd\u0151lap","item":"https:\/\/univet.hu\/testnevelesi-tanszek\/de\/"},{"@type":"ListItem","position":2,"name":"Lehrstuhl f\u00fcr Sport und Bewegung","item":"https:\/\/univet.hu\/testnevelesi-tanszek\/de\/"},{"@type":"ListItem","position":3,"name":"Bildung und Lehrplan"}]},{"@type":"WebSite","@id":"https:\/\/univet.hu\/testnevelesi-tanszek\/en\/#website","url":"https:\/\/univet.hu\/testnevelesi-tanszek\/en\/","name":"Testnevel\u00e9si Tansz\u00e9k","description":"","potentialAction":[{"@type":"SearchAction","target":{"@type":"EntryPoint","urlTemplate":"https:\/\/univet.hu\/testnevelesi-tanszek\/en\/?s={search_term_string}"},"query-input":{"@type":"PropertyValueSpecification","valueRequired":true,"valueName":"search_term_string"}}],"inLanguage":"de"}]}},"_links":{"self":[{"href":"https:\/\/univet.hu\/testnevelesi-tanszek\/de\/wp-json\/wp\/v2\/pages\/94841","targetHints":{"allow":["GET"]}}],"collection":[{"href":"https:\/\/univet.hu\/testnevelesi-tanszek\/de\/wp-json\/wp\/v2\/pages"}],"about":[{"href":"https:\/\/univet.hu\/testnevelesi-tanszek\/de\/wp-json\/wp\/v2\/types\/page"}],"author":[{"embeddable":true,"href":"https:\/\/univet.hu\/testnevelesi-tanszek\/de\/wp-json\/wp\/v2\/users\/3837"}],"replies":[{"embeddable":true,"href":"https:\/\/univet.hu\/testnevelesi-tanszek\/de\/wp-json\/wp\/v2\/comments?post=94841"}],"version-history":[{"count":1,"href":"https:\/\/univet.hu\/testnevelesi-tanszek\/de\/wp-json\/wp\/v2\/pages\/94841\/revisions"}],"predecessor-version":[{"id":94902,"href":"https:\/\/univet.hu\/testnevelesi-tanszek\/de\/wp-json\/wp\/v2\/pages\/94841\/revisions\/94902"}],"up":[{"embeddable":true,"href":"https:\/\/univet.hu\/testnevelesi-tanszek\/de\/wp-json\/wp\/v2\/pages\/3389"}],"wp:attachment":[{"href":"https:\/\/univet.hu\/testnevelesi-tanszek\/de\/wp-json\/wp\/v2\/media?parent=94841"}],"wp:term":[{"taxonomy":"category","embeddable":true,"href":"https:\/\/univet.hu\/testnevelesi-tanszek\/de\/wp-json\/wp\/v2\/categories?post=94841"},{"taxonomy":"post_tag","embeddable":true,"href":"https:\/\/univet.hu\/testnevelesi-tanszek\/de\/wp-json\/wp\/v2\/tags?post=94841"}],"curies":[{"name":"wp","href":"https:\/\/api.w.org\/{rel}","templated":true}]}}