{"id":94849,"date":"2019-03-04T12:27:55","date_gmt":"2019-03-04T11:27:55","guid":{"rendered":"https:\/\/univet.hu\/?page_id=94849"},"modified":"2025-03-20T08:33:47","modified_gmt":"2025-03-20T07:33:47","slug":"aktuelle-sportereignisse","status":"publish","type":"page","link":"https:\/\/univet.hu\/testnevelesi-tanszek\/de\/lehrstuhl-fur-sport-und-bewegung\/aktuelle-sportereignisse\/","title":{"rendered":"Aktuelle Sportereignisse"},"content":{"rendered":"<p><strong>Weitere Informationen zu den aktuellen Sportveranstaltungen des Fachbereichs Leibeserziehung der Veterin\u00e4rmedizinischen Universit\u00e4t finden Sie in der geschlossenen Facebook-Gruppe des Fachbereichs:<\/strong><\/p> <p>https:\/\/www.facebook.com\/groups\/1402419246733595\/<\/p> <p>&nbsp;<\/p>","protected":false},"excerpt":{"rendered":"<p>Weitere Informationen zu den aktuellen Sportveranstaltungen des Fachbereichs Leibeserziehung der Veterin\u00e4rmedizinischen Universit\u00e4t finden Sie in der geschlossenen Facebook-Gruppe des Fachbereichs: https:\/\/www.facebook.com\/groups\/1402419246733595\/ &nbsp;<\/p>\n","protected":false},"author":3837,"featured_media":0,"parent":3389,"menu_order":69,"comment_status":"closed","ping_status":"closed","template":"","meta":{"_acf_changed":false,"footnotes":""},"categories":[],"tags":[],"class_list":["post-94849","page","type-page","status-publish","hentry"],"acf":[],"yoast_head":"<!-- This site is optimized with the Yoast SEO plugin v27.2 - https:\/\/yoast.com\/product\/yoast-seo-wordpress\/ -->\n<title>Aktuelle Sportereignisse - Testnevel\u00e9si Tansz\u00e9k<\/title>\n<meta name=\"robots\" content=\"index, follow, max-snippet:-1, max-image-preview:large, max-video-preview:-1\" \/>\n<link rel=\"canonical\" href=\"https:\/\/univet.hu\/testnevelesi-tanszek\/de\/lehrstuhl-fur-sport-und-bewegung\/aktuelle-sportereignisse\/\" \/>\n<meta property=\"og:locale\" content=\"de_DE\" \/>\n<meta property=\"og:type\" content=\"article\" \/>\n<meta property=\"og:title\" content=\"Aktuelle Sportereignisse - Testnevel\u00e9si Tansz\u00e9k\" \/>\n<meta property=\"og:description\" content=\"Weitere Informationen zu den aktuellen Sportveranstaltungen des Fachbereichs Leibeserziehung der Veterin\u00e4rmedizinischen Universit\u00e4t finden Sie in der geschlossenen Facebook-Gruppe des Fachbereichs: https:\/\/www.facebook.com\/groups\/1402419246733595\/ &nbsp;\" \/>\n<meta property=\"og:url\" content=\"https:\/\/univet.hu\/testnevelesi-tanszek\/de\/lehrstuhl-fur-sport-und-bewegung\/aktuelle-sportereignisse\/\" \/>\n<meta property=\"og:site_name\" content=\"Testnevel\u00e9si Tansz\u00e9k\" \/>\n<meta property=\"article:modified_time\" content=\"2025-03-20T07:33:47+00:00\" \/>\n<meta name=\"twitter:card\" content=\"summary_large_image\" \/>\n<meta name=\"twitter:label1\" content=\"Gesch\u00e4tzte Lesezeit\" \/>\n\t<meta name=\"twitter:data1\" content=\"1\u00a0Minute\" \/>\n<script type=\"application\/ld+json\" class=\"yoast-schema-graph\">{\"@context\":\"https:\/\/schema.org\",\"@graph\":[{\"@type\":\"WebPage\",\"@id\":\"https:\/\/univet.hu\/testnevelesi-tanszek\/de\/lehrstuhl-fur-sport-und-bewegung\/aktuelle-sportereignisse\/\",\"url\":\"https:\/\/univet.hu\/testnevelesi-tanszek\/de\/lehrstuhl-fur-sport-und-bewegung\/aktuelle-sportereignisse\/\",\"name\":\"Aktuelle Sportereignisse - Testnevel\u00e9si Tansz\u00e9k\",\"isPartOf\":{\"@id\":\"https:\/\/univet.hu\/testnevelesi-tanszek\/en\/#website\"},\"datePublished\":\"2019-03-04T11:27:55+00:00\",\"dateModified\":\"2025-03-20T07:33:47+00:00\",\"breadcrumb\":{\"@id\":\"https:\/\/univet.hu\/testnevelesi-tanszek\/de\/lehrstuhl-fur-sport-und-bewegung\/aktuelle-sportereignisse\/#breadcrumb\"},\"inLanguage\":\"de\",\"potentialAction\":[{\"@type\":\"ReadAction\",\"target\":[\"https:\/\/univet.hu\/testnevelesi-tanszek\/de\/lehrstuhl-fur-sport-und-bewegung\/aktuelle-sportereignisse\/\"]}]},{\"@type\":\"BreadcrumbList\",\"@id\":\"https:\/\/univet.hu\/testnevelesi-tanszek\/de\/lehrstuhl-fur-sport-und-bewegung\/aktuelle-sportereignisse\/#breadcrumb\",\"itemListElement\":[{\"@type\":\"ListItem\",\"position\":1,\"name\":\"Kezd\u0151lap\",\"item\":\"https:\/\/univet.hu\/testnevelesi-tanszek\/de\/\"},{\"@type\":\"ListItem\",\"position\":2,\"name\":\"Lehrstuhl f\u00fcr Sport und Bewegung\",\"item\":\"https:\/\/univet.hu\/testnevelesi-tanszek\/de\/\"},{\"@type\":\"ListItem\",\"position\":3,\"name\":\"Aktuelle Sportereignisse\"}]},{\"@type\":\"WebSite\",\"@id\":\"https:\/\/univet.hu\/testnevelesi-tanszek\/en\/#website\",\"url\":\"https:\/\/univet.hu\/testnevelesi-tanszek\/en\/\",\"name\":\"Testnevel\u00e9si Tansz\u00e9k\",\"description\":\"\",\"potentialAction\":[{\"@type\":\"SearchAction\",\"target\":{\"@type\":\"EntryPoint\",\"urlTemplate\":\"https:\/\/univet.hu\/testnevelesi-tanszek\/en\/?s={search_term_string}\"},\"query-input\":{\"@type\":\"PropertyValueSpecification\",\"valueRequired\":true,\"valueName\":\"search_term_string\"}}],\"inLanguage\":\"de\"}]}<\/script>\n<!-- \/ Yoast SEO plugin. -->","yoast_head_json":{"title":"Aktuelle Sportereignisse - Testnevel\u00e9si Tansz\u00e9k","robots":{"index":"index","follow":"follow","max-snippet":"max-snippet:-1","max-image-preview":"max-image-preview:large","max-video-preview":"max-video-preview:-1"},"canonical":"https:\/\/univet.hu\/testnevelesi-tanszek\/de\/lehrstuhl-fur-sport-und-bewegung\/aktuelle-sportereignisse\/","og_locale":"de_DE","og_type":"article","og_title":"Aktuelle Sportereignisse - Testnevel\u00e9si Tansz\u00e9k","og_description":"Weitere Informationen zu den aktuellen Sportveranstaltungen des Fachbereichs Leibeserziehung der Veterin\u00e4rmedizinischen Universit\u00e4t finden Sie in der geschlossenen Facebook-Gruppe des Fachbereichs: https:\/\/www.facebook.com\/groups\/1402419246733595\/ &nbsp;","og_url":"https:\/\/univet.hu\/testnevelesi-tanszek\/de\/lehrstuhl-fur-sport-und-bewegung\/aktuelle-sportereignisse\/","og_site_name":"Testnevel\u00e9si Tansz\u00e9k","article_modified_time":"2025-03-20T07:33:47+00:00","twitter_card":"summary_large_image","twitter_misc":{"Gesch\u00e4tzte Lesezeit":"1\u00a0Minute"},"schema":{"@context":"https:\/\/schema.org","@graph":[{"@type":"WebPage","@id":"https:\/\/univet.hu\/testnevelesi-tanszek\/de\/lehrstuhl-fur-sport-und-bewegung\/aktuelle-sportereignisse\/","url":"https:\/\/univet.hu\/testnevelesi-tanszek\/de\/lehrstuhl-fur-sport-und-bewegung\/aktuelle-sportereignisse\/","name":"Aktuelle Sportereignisse - Testnevel\u00e9si Tansz\u00e9k","isPartOf":{"@id":"https:\/\/univet.hu\/testnevelesi-tanszek\/en\/#website"},"datePublished":"2019-03-04T11:27:55+00:00","dateModified":"2025-03-20T07:33:47+00:00","breadcrumb":{"@id":"https:\/\/univet.hu\/testnevelesi-tanszek\/de\/lehrstuhl-fur-sport-und-bewegung\/aktuelle-sportereignisse\/#breadcrumb"},"inLanguage":"de","potentialAction":[{"@type":"ReadAction","target":["https:\/\/univet.hu\/testnevelesi-tanszek\/de\/lehrstuhl-fur-sport-und-bewegung\/aktuelle-sportereignisse\/"]}]},{"@type":"BreadcrumbList","@id":"https:\/\/univet.hu\/testnevelesi-tanszek\/de\/lehrstuhl-fur-sport-und-bewegung\/aktuelle-sportereignisse\/#breadcrumb","itemListElement":[{"@type":"ListItem","position":1,"name":"Kezd\u0151lap","item":"https:\/\/univet.hu\/testnevelesi-tanszek\/de\/"},{"@type":"ListItem","position":2,"name":"Lehrstuhl f\u00fcr Sport und Bewegung","item":"https:\/\/univet.hu\/testnevelesi-tanszek\/de\/"},{"@type":"ListItem","position":3,"name":"Aktuelle Sportereignisse"}]},{"@type":"WebSite","@id":"https:\/\/univet.hu\/testnevelesi-tanszek\/en\/#website","url":"https:\/\/univet.hu\/testnevelesi-tanszek\/en\/","name":"Testnevel\u00e9si Tansz\u00e9k","description":"","potentialAction":[{"@type":"SearchAction","target":{"@type":"EntryPoint","urlTemplate":"https:\/\/univet.hu\/testnevelesi-tanszek\/en\/?s={search_term_string}"},"query-input":{"@type":"PropertyValueSpecification","valueRequired":true,"valueName":"search_term_string"}}],"inLanguage":"de"}]}},"_links":{"self":[{"href":"https:\/\/univet.hu\/testnevelesi-tanszek\/de\/wp-json\/wp\/v2\/pages\/94849","targetHints":{"allow":["GET"]}}],"collection":[{"href":"https:\/\/univet.hu\/testnevelesi-tanszek\/de\/wp-json\/wp\/v2\/pages"}],"about":[{"href":"https:\/\/univet.hu\/testnevelesi-tanszek\/de\/wp-json\/wp\/v2\/types\/page"}],"author":[{"embeddable":true,"href":"https:\/\/univet.hu\/testnevelesi-tanszek\/de\/wp-json\/wp\/v2\/users\/3837"}],"replies":[{"embeddable":true,"href":"https:\/\/univet.hu\/testnevelesi-tanszek\/de\/wp-json\/wp\/v2\/comments?post=94849"}],"version-history":[{"count":2,"href":"https:\/\/univet.hu\/testnevelesi-tanszek\/de\/wp-json\/wp\/v2\/pages\/94849\/revisions"}],"predecessor-version":[{"id":94938,"href":"https:\/\/univet.hu\/testnevelesi-tanszek\/de\/wp-json\/wp\/v2\/pages\/94849\/revisions\/94938"}],"up":[{"embeddable":true,"href":"https:\/\/univet.hu\/testnevelesi-tanszek\/de\/wp-json\/wp\/v2\/pages\/3389"}],"wp:attachment":[{"href":"https:\/\/univet.hu\/testnevelesi-tanszek\/de\/wp-json\/wp\/v2\/media?parent=94849"}],"wp:term":[{"taxonomy":"category","embeddable":true,"href":"https:\/\/univet.hu\/testnevelesi-tanszek\/de\/wp-json\/wp\/v2\/categories?post=94849"},{"taxonomy":"post_tag","embeddable":true,"href":"https:\/\/univet.hu\/testnevelesi-tanszek\/de\/wp-json\/wp\/v2\/tags?post=94849"}],"curies":[{"name":"wp","href":"https:\/\/api.w.org\/{rel}","templated":true}]}}