{"id":3387,"date":"1970-01-01T00:00:00","date_gmt":"1969-12-31T23:00:00","guid":{"rendered":"http:\/\/univet.hu\/egyetem\/szervezeti-egysegek\/testnevelesi-tanszek\/"},"modified":"2025-09-19T12:43:54","modified_gmt":"2025-09-19T10:43:54","slug":"testnevelesi-tanszek","status":"publish","type":"page","link":"https:\/\/univet.hu\/testnevelesi-tanszek\/","title":{"rendered":"Testnevel\u00e9si Tansz\u00e9k"},"content":{"rendered":"<h4>A Testnevel\u00e9si Tansz\u00e9k t\u00f6rt\u00e9nete<\/h4> <p>Az \u00e1llatorvostan hallgat\u00f3k sporttev\u00e9kenys\u00e9ge az 1900-as \u00e9vek elej\u00e9n a \u201ef\u0151iskolai k\u00f6r\u201d keret\u00e9n bel\u00fcl folyt. Ennek a szervezetnek feladata volt a tudom\u00e1nyos irodalmi tev\u00e9kenys\u00e9g, a sport szervez\u00e9se, valamint a hallgat\u00f3s\u00e1g \u00e9rdekk\u00e9pviselete.<\/p> <p>A f\u0151iskola vezet\u00e9s\u00e9nek 1910. okt\u00f3ber 1-jei hivatalos k\u00f6zlem\u00e9nye szerint \u201em\u00e1r \u00e9p\u00fcl\u0151ben van a f\u0151iskola telk\u00e9n a Menza-egyes\u00fclet \u00faj helyis\u00e9ge, \u2026, (\u00e9s) a vele kapcsolatos tornaterem v\u00edv\u00f3 \u00e9s egy\u00e9b testgyakorlatokra is fog m\u00f3dot ny\u00fajtani.\u201d<\/p> <p>Ekkoriban megalakul az \u201e<strong>\u00c1llatorvostanhallgat\u00f3k Tornak\u00f6re<\/strong>\u201d, melynek rendelkez\u00e9s\u00e9re \u00e1llt egy felszerelt tornacsarnok. M\u0171k\u00f6d\u00e9se szertorn\u00e1b\u00f3l \u00e9s v\u00edv\u00e1sb\u00f3l \u00e1llt.<\/p> <p>1928. \u00e9v tan\u00e9vnyit\u00f3j\u00e1n Hutyra Ferenc rektor bejelenti, hogy az \u00c1llatorvosi F\u0151iskol\u00e1n bevezet\u00e9sre ker\u00fcl a k\u00f6telez\u0151 testnevel\u00e9s.<\/p> <p>A 30-as \u00e9vekre atl\u00e9tik\u00e1val, c\u00e9ll\u00f6v\u00e9szettel \u00e9s lovagl\u00e1ssal b\u0151v\u00fcl a sportol\u00e1si lehet\u0151s\u00e9gek k\u00f6re. 1934-ben megalakul az <strong>\u00c1llatorvosi F\u0151iskolai Sport Egylet<\/strong>, melynek rendez\u00e9s\u00e9ben sz\u00e1mos egyetemi sportversenyre ker\u00fcl sor.<\/p> <p>1947-ben az Int\u00e9zm\u00e9ny megalap\u00edtja az <strong>\u00c1SE<\/strong>-t (<strong>\u00c1llatorvostudom\u00e1nyi Egyetem Sport Egyes\u00fclet<\/strong>).<\/p> <p>1952-ben Cs\u00e1nyi Zolt\u00e1n testnevel\u0151 tan\u00e1r vezet\u00e9s\u00e9vel megkezdi munk\u00e1j\u00e1t a <strong>Testnevel\u00e9si Tansz\u00e9k<\/strong>.<\/p> <p>1970-ben meg\u00e9p\u00fcl az \u00faj tornacsarnok, majd a k\u00f6vetkez\u0151 40 \u00e9vben fokozatosan ki\u00e9p\u00fclnek a jelenlegi t\u00e1rgyi felt\u00e9telei a testnevel\u00e9s oktat\u00e1s\u00e1nak (kondicion\u00e1l\u00f3 terem, t\u00fckr\u00f6s terem, szauna, k\u00fclt\u00e9ri fitnes-eszk\u00f6z\u00f6k).<\/p> <p>A Testnevel\u00e9s Tansz\u00e9k tansz\u00e9kvezet\u0151i feladatait a k\u00e9s\u0151bbiek sor\u00e1n Horv\u00e1th S\u00e1ndor, R\u00e1nkyn\u00e9 N\u00e9meth Ang\u00e9la \u00e9s Deli Levente l\u00e1tj\u00e1k el.<\/p> <p><em>Forr\u00e1s: Koch R\u00f3bert \u00e9s \u00d6tv\u00f6s \u00c9va szakdolgozatai<\/em><\/p> <p>&nbsp;<\/p> <h4>\u00c1llatorvosi k\u00e9pz\u00e9s sportoktat\u00f3i, testnevel\u0151 tan\u00e1rai<\/h4> <p>Lovag Santelli \u00e9s seg\u00e9dei\u00a0 \u00a0szertorna, v\u00edv\u00e1s (1910-es \u00e9vek)<\/p> <p>Neubauer Konstantin\u00a0 fizika tan\u00e1r \u2013 lovas egyes\u00fclet (1928)<\/p> <p>N\u00e9medy J\u00f3zsef \u00a0tornatan\u00e1r \u2013 torna (1933)<\/p> <p>Liszy Antal \u00a0okleveles v\u00edv\u00f3mester (1933)<\/p> <p>Cs\u00e1nyi Zolt\u00e1n\u00a0 testnevel\u0151 tan\u00e1r, tansz\u00e9kvezet\u0151 (1952-1978)<\/p> <p>Horv\u00e1th S\u00e1ndor \u00a0testnevel\u0151 tan\u00e1r, tansz\u00e9kvezet\u0151 (1978-1990)<\/p> <p>N\u00e9meth Ang\u00e9la\u00a0 testnevel\u0151 tan\u00e1r, tansz\u00e9kvezet\u0151 (1982-2008)<\/p> <p>M\u00e9sz\u00e1ros Lajos\u00a0 testnevel\u0151 tan\u00e1r\u00a0\u00a0\u00a0\u00a0 (1980-1988)<\/p> <p>Rig\u00f3 J\u00e1nos\u00a0 testnevel\u0151 tan\u00e1r\u00a0\u00a0\u00a0\u00a0\u00a0\u00a0\u00a0\u00a0\u00a0\u00a0\u00a0\u00a0 (1986-1988)<\/p> <p>Buj\u00e1ki Attila \u00a0testnevel\u0151 tan\u00e1r\u00a0\u00a0\u00a0\u00a0\u00a0\u00a0\u00a0\u00a0 (1988-1993)<\/p> <p>Fuszek R\u00f3bert\u00a0 testnevel\u0151 tan\u00e1r\u00a0\u00a0\u00a0\u00a0\u00a0 (1993-1996)<\/p> <p>&nbsp;<\/p> <h4>Jelenlegi testnevel\u0151 tan\u00e1rok:<\/h4> <p>Deli Levente testnevel\u0151 tan\u00e1r, tansz\u00e9kvezet\u0151 \u00a0\u00a0\u00a0\u00a0\u00a0\u00a0\u00a0 (1985-<\/p> <p>R\u00e1nky R\u00e9ka\u00a0 testnevel\u0151 tan\u00e1r\u00a0\u00a0\u00a0\u00a0\u00a0\u00a0\u00a0\u00a0\u00a0 (2008-<\/p>","protected":false},"excerpt":{"rendered":"<p>A Testnevel\u00e9si Tansz\u00e9k t\u00f6rt\u00e9nete Az \u00e1llatorvostan hallgat\u00f3k sporttev\u00e9kenys\u00e9ge az 1900-as \u00e9vek elej\u00e9n a \u201ef\u0151iskolai k\u00f6r\u201d keret\u00e9n bel\u00fcl folyt. Ennek a szervezetnek feladata volt a tudom\u00e1nyos irodalmi tev\u00e9kenys\u00e9g, a sport szervez\u00e9se, valamint a hallgat\u00f3s\u00e1g \u00e9rdekk\u00e9pviselete. A f\u0151iskola vezet\u00e9s\u00e9nek 1910. okt\u00f3ber 1-jei hivatalos k\u00f6zlem\u00e9nye szerint \u201em\u00e1r \u00e9p\u00fcl\u0151ben van a f\u0151iskola telk\u00e9n a Menza-egyes\u00fclet \u00faj helyis\u00e9ge, \u2026, (\u00e9s)<\/p>\n","protected":false},"author":3837,"featured_media":0,"parent":0,"menu_order":135,"comment_status":"closed","ping_status":"closed","template":"","meta":{"_acf_changed":false,"footnotes":""},"categories":[14],"tags":[],"class_list":["post-3387","page","type-page","status-publish","hentry","category-szervezeti-egysegek"],"acf":[],"yoast_head":"<!-- This site is optimized with the Yoast SEO plugin v27.2 - https:\/\/yoast.com\/product\/yoast-seo-wordpress\/ -->\n<title>Testnevel\u00e9si Tansz\u00e9k - Testnevel\u00e9si Tansz\u00e9k<\/title>\n<meta name=\"robots\" content=\"index, follow, max-snippet:-1, max-image-preview:large, max-video-preview:-1\" \/>\n<link rel=\"canonical\" href=\"https:\/\/univet.hu\/testnevelesi-tanszek\/\" \/>\n<meta property=\"og:locale\" content=\"hu_HU\" \/>\n<meta property=\"og:type\" content=\"article\" \/>\n<meta property=\"og:title\" content=\"Testnevel\u00e9si Tansz\u00e9k - Testnevel\u00e9si Tansz\u00e9k\" \/>\n<meta property=\"og:description\" content=\"A Testnevel\u00e9si Tansz\u00e9k t\u00f6rt\u00e9nete Az \u00e1llatorvostan hallgat\u00f3k sporttev\u00e9kenys\u00e9ge az 1900-as \u00e9vek elej\u00e9n a \u201ef\u0151iskolai k\u00f6r\u201d keret\u00e9n bel\u00fcl folyt. Ennek a szervezetnek feladata volt a tudom\u00e1nyos irodalmi tev\u00e9kenys\u00e9g, a sport szervez\u00e9se, valamint a hallgat\u00f3s\u00e1g \u00e9rdekk\u00e9pviselete. A f\u0151iskola vezet\u00e9s\u00e9nek 1910. okt\u00f3ber 1-jei hivatalos k\u00f6zlem\u00e9nye szerint \u201em\u00e1r \u00e9p\u00fcl\u0151ben van a f\u0151iskola telk\u00e9n a Menza-egyes\u00fclet \u00faj helyis\u00e9ge, \u2026, (\u00e9s)\" \/>\n<meta property=\"og:url\" content=\"https:\/\/univet.hu\/testnevelesi-tanszek\/\" \/>\n<meta property=\"og:site_name\" content=\"Testnevel\u00e9si Tansz\u00e9k\" \/>\n<meta property=\"article:modified_time\" content=\"2025-09-19T10:43:54+00:00\" \/>\n<meta name=\"twitter:card\" content=\"summary_large_image\" \/>\n<meta name=\"twitter:label1\" content=\"Becs\u00fclt olvas\u00e1si id\u0151\" \/>\n\t<meta name=\"twitter:data1\" content=\"2 perc\" \/>\n<script type=\"application\/ld+json\" class=\"yoast-schema-graph\">{\"@context\":\"https:\/\/schema.org\",\"@graph\":[{\"@type\":\"WebPage\",\"@id\":\"https:\/\/univet.hu\/testnevelesi-tanszek\/\",\"url\":\"https:\/\/univet.hu\/testnevelesi-tanszek\/\",\"name\":\"Testnevel\u00e9si Tansz\u00e9k - Testnevel\u00e9si Tansz\u00e9k\",\"isPartOf\":{\"@id\":\"https:\/\/univet.hu\/testnevelesi-tanszek\/en\/#website\"},\"datePublished\":\"1969-12-31T23:00:00+00:00\",\"dateModified\":\"2025-09-19T10:43:54+00:00\",\"breadcrumb\":{\"@id\":\"https:\/\/univet.hu\/testnevelesi-tanszek\/#breadcrumb\"},\"inLanguage\":\"hu\",\"potentialAction\":[{\"@type\":\"ReadAction\",\"target\":[\"https:\/\/univet.hu\/testnevelesi-tanszek\/\"]}]},{\"@type\":\"BreadcrumbList\",\"@id\":\"https:\/\/univet.hu\/testnevelesi-tanszek\/#breadcrumb\",\"itemListElement\":[{\"@type\":\"ListItem\",\"position\":1,\"name\":\"Kezd\u0151lap\",\"item\":\"https:\/\/univet.hu\/testnevelesi-tanszek\/\"},{\"@type\":\"ListItem\",\"position\":2,\"name\":\"Testnevel\u00e9si Tansz\u00e9k\"}]},{\"@type\":\"WebSite\",\"@id\":\"https:\/\/univet.hu\/testnevelesi-tanszek\/en\/#website\",\"url\":\"https:\/\/univet.hu\/testnevelesi-tanszek\/en\/\",\"name\":\"Testnevel\u00e9si Tansz\u00e9k\",\"description\":\"\",\"potentialAction\":[{\"@type\":\"SearchAction\",\"target\":{\"@type\":\"EntryPoint\",\"urlTemplate\":\"https:\/\/univet.hu\/testnevelesi-tanszek\/en\/?s={search_term_string}\"},\"query-input\":{\"@type\":\"PropertyValueSpecification\",\"valueRequired\":true,\"valueName\":\"search_term_string\"}}],\"inLanguage\":\"hu\"}]}<\/script>\n<!-- \/ Yoast SEO plugin. -->","yoast_head_json":{"title":"Testnevel\u00e9si Tansz\u00e9k - Testnevel\u00e9si Tansz\u00e9k","robots":{"index":"index","follow":"follow","max-snippet":"max-snippet:-1","max-image-preview":"max-image-preview:large","max-video-preview":"max-video-preview:-1"},"canonical":"https:\/\/univet.hu\/testnevelesi-tanszek\/","og_locale":"hu_HU","og_type":"article","og_title":"Testnevel\u00e9si Tansz\u00e9k - Testnevel\u00e9si Tansz\u00e9k","og_description":"A Testnevel\u00e9si Tansz\u00e9k t\u00f6rt\u00e9nete Az \u00e1llatorvostan hallgat\u00f3k sporttev\u00e9kenys\u00e9ge az 1900-as \u00e9vek elej\u00e9n a \u201ef\u0151iskolai k\u00f6r\u201d keret\u00e9n bel\u00fcl folyt. Ennek a szervezetnek feladata volt a tudom\u00e1nyos irodalmi tev\u00e9kenys\u00e9g, a sport szervez\u00e9se, valamint a hallgat\u00f3s\u00e1g \u00e9rdekk\u00e9pviselete. A f\u0151iskola vezet\u00e9s\u00e9nek 1910. okt\u00f3ber 1-jei hivatalos k\u00f6zlem\u00e9nye szerint \u201em\u00e1r \u00e9p\u00fcl\u0151ben van a f\u0151iskola telk\u00e9n a Menza-egyes\u00fclet \u00faj helyis\u00e9ge, \u2026, (\u00e9s)","og_url":"https:\/\/univet.hu\/testnevelesi-tanszek\/","og_site_name":"Testnevel\u00e9si Tansz\u00e9k","article_modified_time":"2025-09-19T10:43:54+00:00","twitter_card":"summary_large_image","twitter_misc":{"Becs\u00fclt olvas\u00e1si id\u0151":"2 perc"},"schema":{"@context":"https:\/\/schema.org","@graph":[{"@type":"WebPage","@id":"https:\/\/univet.hu\/testnevelesi-tanszek\/","url":"https:\/\/univet.hu\/testnevelesi-tanszek\/","name":"Testnevel\u00e9si Tansz\u00e9k - Testnevel\u00e9si Tansz\u00e9k","isPartOf":{"@id":"https:\/\/univet.hu\/testnevelesi-tanszek\/en\/#website"},"datePublished":"1969-12-31T23:00:00+00:00","dateModified":"2025-09-19T10:43:54+00:00","breadcrumb":{"@id":"https:\/\/univet.hu\/testnevelesi-tanszek\/#breadcrumb"},"inLanguage":"hu","potentialAction":[{"@type":"ReadAction","target":["https:\/\/univet.hu\/testnevelesi-tanszek\/"]}]},{"@type":"BreadcrumbList","@id":"https:\/\/univet.hu\/testnevelesi-tanszek\/#breadcrumb","itemListElement":[{"@type":"ListItem","position":1,"name":"Kezd\u0151lap","item":"https:\/\/univet.hu\/testnevelesi-tanszek\/"},{"@type":"ListItem","position":2,"name":"Testnevel\u00e9si Tansz\u00e9k"}]},{"@type":"WebSite","@id":"https:\/\/univet.hu\/testnevelesi-tanszek\/en\/#website","url":"https:\/\/univet.hu\/testnevelesi-tanszek\/en\/","name":"Testnevel\u00e9si Tansz\u00e9k","description":"","potentialAction":[{"@type":"SearchAction","target":{"@type":"EntryPoint","urlTemplate":"https:\/\/univet.hu\/testnevelesi-tanszek\/en\/?s={search_term_string}"},"query-input":{"@type":"PropertyValueSpecification","valueRequired":true,"valueName":"search_term_string"}}],"inLanguage":"hu"}]}},"_links":{"self":[{"href":"https:\/\/univet.hu\/testnevelesi-tanszek\/wp-json\/wp\/v2\/pages\/3387","targetHints":{"allow":["GET"]}}],"collection":[{"href":"https:\/\/univet.hu\/testnevelesi-tanszek\/wp-json\/wp\/v2\/pages"}],"about":[{"href":"https:\/\/univet.hu\/testnevelesi-tanszek\/wp-json\/wp\/v2\/types\/page"}],"author":[{"embeddable":true,"href":"https:\/\/univet.hu\/testnevelesi-tanszek\/wp-json\/wp\/v2\/users\/3837"}],"replies":[{"embeddable":true,"href":"https:\/\/univet.hu\/testnevelesi-tanszek\/wp-json\/wp\/v2\/comments?post=3387"}],"version-history":[{"count":1,"href":"https:\/\/univet.hu\/testnevelesi-tanszek\/wp-json\/wp\/v2\/pages\/3387\/revisions"}],"predecessor-version":[{"id":94908,"href":"https:\/\/univet.hu\/testnevelesi-tanszek\/wp-json\/wp\/v2\/pages\/3387\/revisions\/94908"}],"wp:attachment":[{"href":"https:\/\/univet.hu\/testnevelesi-tanszek\/wp-json\/wp\/v2\/media?parent=3387"}],"wp:term":[{"taxonomy":"category","embeddable":true,"href":"https:\/\/univet.hu\/testnevelesi-tanszek\/wp-json\/wp\/v2\/categories?post=3387"},{"taxonomy":"post_tag","embeddable":true,"href":"https:\/\/univet.hu\/testnevelesi-tanszek\/wp-json\/wp\/v2\/tags?post=3387"}],"curies":[{"name":"wp","href":"https:\/\/api.w.org\/{rel}","templated":true}]}}