{"id":3370,"date":"2018-04-04T12:27:00","date_gmt":"2018-04-04T10:27:00","guid":{"rendered":"http:\/\/univet.hu\/universitaet\/organisationseinheiten\/lehrstuhl-fur-okologie\/"},"modified":"2025-03-20T06:43:26","modified_gmt":"2025-03-20T05:43:26","slug":"lehrstuhl-fur-okologie","status":"publish","type":"page","link":"https:\/\/univet.hu\/zoologiai-tanszek\/de\/","title":{"rendered":"Lehrstuhl f\u00fcr \u00d6kologie"},"content":{"rendered":"<h2>Geschichte<\/h2> <div> <p>Das Institut f\u00fcr Biologie bzw. dessen Lehrstuhl f\u00fcr \u00d6kologie ist die zentrale Einrichtung f\u00fcr die Ausbildung von Biologinnen und Biologen an der Universit\u00e4t; die H\u00e4lfte der F\u00e4cher f\u00fcr sie wird von den Mitarbeitern des Instituts\/Lehrstuhls unterrichtet. Weitere Informationen zum Studiengang Biologie finden Sie auf der Seite http:\/\/univet.hu\/hu\/biologia\/.<\/p> <\/div>","protected":false},"excerpt":{"rendered":"<p>Geschichte Das Institut f\u00fcr Biologie bzw. dessen Lehrstuhl f\u00fcr \u00d6kologie ist die zentrale Einrichtung f\u00fcr die Ausbildung von Biologinnen und Biologen an der Universit\u00e4t; die H\u00e4lfte der F\u00e4cher f\u00fcr sie wird von den Mitarbeitern des Instituts\/Lehrstuhls unterrichtet. Weitere Informationen zum Studiengang Biologie finden Sie auf der Seite http:\/\/univet.hu\/hu\/biologia\/.<\/p>\n","protected":false},"author":3837,"featured_media":0,"parent":0,"menu_order":135,"comment_status":"closed","ping_status":"closed","template":"","meta":{"_acf_changed":false,"footnotes":""},"categories":[16],"tags":[],"class_list":["post-3370","page","type-page","status-publish","hentry","category-abteilungen"],"acf":[],"yoast_head":"<!-- This site is optimized with the Yoast SEO plugin v27.2 - https:\/\/yoast.com\/product\/yoast-seo-wordpress\/ -->\n<title>Lehrstuhl f\u00fcr \u00d6kologie - Zool\u00f3giai Tansz\u00e9k<\/title>\n<meta name=\"robots\" content=\"index, follow, max-snippet:-1, max-image-preview:large, max-video-preview:-1\" \/>\n<link rel=\"canonical\" href=\"https:\/\/univet.hu\/zoologiai-tanszek\/de\/lehrstuhl-fur-okologie\/\" \/>\n<meta property=\"og:locale\" content=\"de_DE\" \/>\n<meta property=\"og:type\" content=\"article\" \/>\n<meta property=\"og:title\" content=\"Lehrstuhl f\u00fcr \u00d6kologie - Zool\u00f3giai Tansz\u00e9k\" \/>\n<meta property=\"og:description\" content=\"Geschichte Das Institut f\u00fcr Biologie bzw. dessen Lehrstuhl f\u00fcr \u00d6kologie ist die zentrale Einrichtung f\u00fcr die Ausbildung von Biologinnen und Biologen an der Universit\u00e4t; die H\u00e4lfte der F\u00e4cher f\u00fcr sie wird von den Mitarbeitern des Instituts\/Lehrstuhls unterrichtet. Weitere Informationen zum Studiengang Biologie finden Sie auf der Seite http:\/\/univet.hu\/hu\/biologia\/.\" \/>\n<meta property=\"og:url\" content=\"https:\/\/univet.hu\/zoologiai-tanszek\/de\/lehrstuhl-fur-okologie\/\" \/>\n<meta property=\"og:site_name\" content=\"Zool\u00f3giai Tansz\u00e9k\" \/>\n<meta property=\"article:modified_time\" content=\"2025-03-20T05:43:26+00:00\" \/>\n<meta name=\"twitter:card\" content=\"summary_large_image\" \/>\n<script type=\"application\/ld+json\" class=\"yoast-schema-graph\">{\"@context\":\"https:\/\/schema.org\",\"@graph\":[{\"@type\":\"WebPage\",\"@id\":\"https:\/\/univet.hu\/zoologiai-tanszek\/de\/lehrstuhl-fur-okologie\/\",\"url\":\"https:\/\/univet.hu\/zoologiai-tanszek\/de\/lehrstuhl-fur-okologie\/\",\"name\":\"Lehrstuhl f\u00fcr \u00d6kologie - Zool\u00f3giai Tansz\u00e9k\",\"isPartOf\":{\"@id\":\"https:\/\/univet.hu\/zoologiai-tanszek\/#website\"},\"datePublished\":\"2018-04-04T10:27:00+00:00\",\"dateModified\":\"2025-03-20T05:43:26+00:00\",\"breadcrumb\":{\"@id\":\"https:\/\/univet.hu\/zoologiai-tanszek\/de\/lehrstuhl-fur-okologie\/#breadcrumb\"},\"inLanguage\":\"de\",\"potentialAction\":[{\"@type\":\"ReadAction\",\"target\":[\"https:\/\/univet.hu\/zoologiai-tanszek\/de\/lehrstuhl-fur-okologie\/\"]}]},{\"@type\":\"BreadcrumbList\",\"@id\":\"https:\/\/univet.hu\/zoologiai-tanszek\/de\/lehrstuhl-fur-okologie\/#breadcrumb\",\"itemListElement\":[{\"@type\":\"ListItem\",\"position\":1,\"name\":\"Kezd\u0151lap\",\"item\":\"https:\/\/univet.hu\/zoologiai-tanszek\/de\/lehrstuhl-fur-okologie\/\"},{\"@type\":\"ListItem\",\"position\":2,\"name\":\"Lehrstuhl f\u00fcr \u00d6kologie\"}]},{\"@type\":\"WebSite\",\"@id\":\"https:\/\/univet.hu\/zoologiai-tanszek\/#website\",\"url\":\"https:\/\/univet.hu\/zoologiai-tanszek\/\",\"name\":\"Zool\u00f3giai Tansz\u00e9k\",\"description\":\"\",\"potentialAction\":[{\"@type\":\"SearchAction\",\"target\":{\"@type\":\"EntryPoint\",\"urlTemplate\":\"https:\/\/univet.hu\/zoologiai-tanszek\/?s={search_term_string}\"},\"query-input\":{\"@type\":\"PropertyValueSpecification\",\"valueRequired\":true,\"valueName\":\"search_term_string\"}}],\"inLanguage\":\"de\"}]}<\/script>\n<!-- \/ Yoast SEO plugin. -->","yoast_head_json":{"title":"Lehrstuhl f\u00fcr \u00d6kologie - Zool\u00f3giai Tansz\u00e9k","robots":{"index":"index","follow":"follow","max-snippet":"max-snippet:-1","max-image-preview":"max-image-preview:large","max-video-preview":"max-video-preview:-1"},"canonical":"https:\/\/univet.hu\/zoologiai-tanszek\/de\/lehrstuhl-fur-okologie\/","og_locale":"de_DE","og_type":"article","og_title":"Lehrstuhl f\u00fcr \u00d6kologie - Zool\u00f3giai Tansz\u00e9k","og_description":"Geschichte Das Institut f\u00fcr Biologie bzw. dessen Lehrstuhl f\u00fcr \u00d6kologie ist die zentrale Einrichtung f\u00fcr die Ausbildung von Biologinnen und Biologen an der Universit\u00e4t; die H\u00e4lfte der F\u00e4cher f\u00fcr sie wird von den Mitarbeitern des Instituts\/Lehrstuhls unterrichtet. Weitere Informationen zum Studiengang Biologie finden Sie auf der Seite http:\/\/univet.hu\/hu\/biologia\/.","og_url":"https:\/\/univet.hu\/zoologiai-tanszek\/de\/lehrstuhl-fur-okologie\/","og_site_name":"Zool\u00f3giai Tansz\u00e9k","article_modified_time":"2025-03-20T05:43:26+00:00","twitter_card":"summary_large_image","schema":{"@context":"https:\/\/schema.org","@graph":[{"@type":"WebPage","@id":"https:\/\/univet.hu\/zoologiai-tanszek\/de\/lehrstuhl-fur-okologie\/","url":"https:\/\/univet.hu\/zoologiai-tanszek\/de\/lehrstuhl-fur-okologie\/","name":"Lehrstuhl f\u00fcr \u00d6kologie - Zool\u00f3giai Tansz\u00e9k","isPartOf":{"@id":"https:\/\/univet.hu\/zoologiai-tanszek\/#website"},"datePublished":"2018-04-04T10:27:00+00:00","dateModified":"2025-03-20T05:43:26+00:00","breadcrumb":{"@id":"https:\/\/univet.hu\/zoologiai-tanszek\/de\/lehrstuhl-fur-okologie\/#breadcrumb"},"inLanguage":"de","potentialAction":[{"@type":"ReadAction","target":["https:\/\/univet.hu\/zoologiai-tanszek\/de\/lehrstuhl-fur-okologie\/"]}]},{"@type":"BreadcrumbList","@id":"https:\/\/univet.hu\/zoologiai-tanszek\/de\/lehrstuhl-fur-okologie\/#breadcrumb","itemListElement":[{"@type":"ListItem","position":1,"name":"Kezd\u0151lap","item":"https:\/\/univet.hu\/zoologiai-tanszek\/de\/lehrstuhl-fur-okologie\/"},{"@type":"ListItem","position":2,"name":"Lehrstuhl f\u00fcr \u00d6kologie"}]},{"@type":"WebSite","@id":"https:\/\/univet.hu\/zoologiai-tanszek\/#website","url":"https:\/\/univet.hu\/zoologiai-tanszek\/","name":"Zool\u00f3giai Tansz\u00e9k","description":"","potentialAction":[{"@type":"SearchAction","target":{"@type":"EntryPoint","urlTemplate":"https:\/\/univet.hu\/zoologiai-tanszek\/?s={search_term_string}"},"query-input":{"@type":"PropertyValueSpecification","valueRequired":true,"valueName":"search_term_string"}}],"inLanguage":"de"}]}},"_links":{"self":[{"href":"https:\/\/univet.hu\/zoologiai-tanszek\/de\/wp-json\/wp\/v2\/pages\/3370","targetHints":{"allow":["GET"]}}],"collection":[{"href":"https:\/\/univet.hu\/zoologiai-tanszek\/de\/wp-json\/wp\/v2\/pages"}],"about":[{"href":"https:\/\/univet.hu\/zoologiai-tanszek\/de\/wp-json\/wp\/v2\/types\/page"}],"author":[{"embeddable":true,"href":"https:\/\/univet.hu\/zoologiai-tanszek\/de\/wp-json\/wp\/v2\/users\/3837"}],"replies":[{"embeddable":true,"href":"https:\/\/univet.hu\/zoologiai-tanszek\/de\/wp-json\/wp\/v2\/comments?post=3370"}],"version-history":[{"count":1,"href":"https:\/\/univet.hu\/zoologiai-tanszek\/de\/wp-json\/wp\/v2\/pages\/3370\/revisions"}],"predecessor-version":[{"id":40107,"href":"https:\/\/univet.hu\/zoologiai-tanszek\/de\/wp-json\/wp\/v2\/pages\/3370\/revisions\/40107"}],"wp:attachment":[{"href":"https:\/\/univet.hu\/zoologiai-tanszek\/de\/wp-json\/wp\/v2\/media?parent=3370"}],"wp:term":[{"taxonomy":"category","embeddable":true,"href":"https:\/\/univet.hu\/zoologiai-tanszek\/de\/wp-json\/wp\/v2\/categories?post=3370"},{"taxonomy":"post_tag","embeddable":true,"href":"https:\/\/univet.hu\/zoologiai-tanszek\/de\/wp-json\/wp\/v2\/tags?post=3370"}],"curies":[{"name":"wp","href":"https:\/\/api.w.org\/{rel}","templated":true}]}}