{"id":3368,"date":"2018-04-04T12:27:00","date_gmt":"2018-04-04T10:27:00","guid":{"rendered":"http:\/\/univet.hu\/egyetem\/szervezeti-egysegek\/okologiai-tanszek\/"},"modified":"2025-03-20T06:43:27","modified_gmt":"2025-03-20T05:43:27","slug":"zoologiai-tanszek","status":"publish","type":"page","link":"https:\/\/univet.hu\/zoologiai-tanszek\/","title":{"rendered":"Zool\u00f3giai Tansz\u00e9k"},"content":{"rendered":"<h2>Bemutatkoz\u00e1s<\/h2> <div> <p>A Biol\u00f3giai Int\u00e9zet, illetve annak Zool\u00f3giai Tansz\u00e9ke az egyetemi biol\u00f3gusk\u00e9pz\u00e9s k\u00f6zpontja; a biol\u00f3gus tant\u00e1rgyak fel\u00e9t az int\u00e9zet\/tansz\u00e9k munkat\u00e1rsai oktatj\u00e1k. A biol\u00f3gusk\u00e9pz\u00e9ssel kapcsolatos inform\u00e1ci\u00f3k a <a href=\"https:\/\/univet.hu\/hu\/biologia\/\" data-replaced=\"true\">https:\/\/univet.hu\/hu\/biologia\/<\/a> oldalon tal\u00e1lhat\u00f3k. Mindezek mellett a 2023 \u0151sz\u00e9n indul\u00f3 <a href=\"https:\/\/univet.hu\/hu\/biologia\/zool\/\">kutat\u00f3 zool\u00f3gus<\/a> k\u00e9pz\u00e9sben is jelent\u0151s r\u00e9szt v\u00e1llal.<\/p> <\/div> <div><\/div>","protected":false},"excerpt":{"rendered":"<p>Bemutatkoz\u00e1s A Biol\u00f3giai Int\u00e9zet, illetve annak Zool\u00f3giai Tansz\u00e9ke az egyetemi biol\u00f3gusk\u00e9pz\u00e9s k\u00f6zpontja; a biol\u00f3gus tant\u00e1rgyak fel\u00e9t az int\u00e9zet\/tansz\u00e9k munkat\u00e1rsai oktatj\u00e1k. A biol\u00f3gusk\u00e9pz\u00e9ssel kapcsolatos inform\u00e1ci\u00f3k a https:\/\/univet.hu\/hu\/biologia\/ oldalon tal\u00e1lhat\u00f3k. Mindezek mellett a 2023 \u0151sz\u00e9n indul\u00f3 kutat\u00f3 zool\u00f3gus k\u00e9pz\u00e9sben is jelent\u0151s r\u00e9szt v\u00e1llal.<\/p>\n","protected":false},"author":3837,"featured_media":0,"parent":0,"menu_order":135,"comment_status":"closed","ping_status":"closed","template":"","meta":{"_acf_changed":false,"footnotes":""},"categories":[14],"tags":[],"class_list":["post-3368","page","type-page","status-publish","hentry","category-szervezeti-egysegek"],"acf":[],"yoast_head":"<!-- This site is optimized with the Yoast SEO plugin v27.2 - https:\/\/yoast.com\/product\/yoast-seo-wordpress\/ -->\n<title>Zool\u00f3giai Tansz\u00e9k - Zool\u00f3giai Tansz\u00e9k<\/title>\n<meta name=\"robots\" content=\"index, follow, max-snippet:-1, max-image-preview:large, max-video-preview:-1\" \/>\n<link rel=\"canonical\" href=\"https:\/\/univet.hu\/zoologiai-tanszek\/\" \/>\n<meta property=\"og:locale\" content=\"hu_HU\" \/>\n<meta property=\"og:type\" content=\"article\" \/>\n<meta property=\"og:title\" content=\"Zool\u00f3giai Tansz\u00e9k - Zool\u00f3giai Tansz\u00e9k\" \/>\n<meta property=\"og:description\" content=\"Bemutatkoz\u00e1s A Biol\u00f3giai Int\u00e9zet, illetve annak Zool\u00f3giai Tansz\u00e9ke az egyetemi biol\u00f3gusk\u00e9pz\u00e9s k\u00f6zpontja; a biol\u00f3gus tant\u00e1rgyak fel\u00e9t az int\u00e9zet\/tansz\u00e9k munkat\u00e1rsai oktatj\u00e1k. A biol\u00f3gusk\u00e9pz\u00e9ssel kapcsolatos inform\u00e1ci\u00f3k a https:\/\/univet.hu\/hu\/biologia\/ oldalon tal\u00e1lhat\u00f3k. Mindezek mellett a 2023 \u0151sz\u00e9n indul\u00f3 kutat\u00f3 zool\u00f3gus k\u00e9pz\u00e9sben is jelent\u0151s r\u00e9szt v\u00e1llal.\" \/>\n<meta property=\"og:url\" content=\"https:\/\/univet.hu\/zoologiai-tanszek\/\" \/>\n<meta property=\"og:site_name\" content=\"Zool\u00f3giai Tansz\u00e9k\" \/>\n<meta property=\"article:modified_time\" content=\"2025-03-20T05:43:27+00:00\" \/>\n<meta name=\"twitter:card\" content=\"summary_large_image\" \/>\n<script type=\"application\/ld+json\" class=\"yoast-schema-graph\">{\"@context\":\"https:\/\/schema.org\",\"@graph\":[{\"@type\":\"WebPage\",\"@id\":\"https:\/\/univet.hu\/zoologiai-tanszek\/\",\"url\":\"https:\/\/univet.hu\/zoologiai-tanszek\/\",\"name\":\"Zool\u00f3giai Tansz\u00e9k - Zool\u00f3giai Tansz\u00e9k\",\"isPartOf\":{\"@id\":\"https:\/\/univet.hu\/zoologiai-tanszek\/#website\"},\"datePublished\":\"2018-04-04T10:27:00+00:00\",\"dateModified\":\"2025-03-20T05:43:27+00:00\",\"breadcrumb\":{\"@id\":\"https:\/\/univet.hu\/zoologiai-tanszek\/#breadcrumb\"},\"inLanguage\":\"hu\",\"potentialAction\":[{\"@type\":\"ReadAction\",\"target\":[\"https:\/\/univet.hu\/zoologiai-tanszek\/\"]}]},{\"@type\":\"BreadcrumbList\",\"@id\":\"https:\/\/univet.hu\/zoologiai-tanszek\/#breadcrumb\",\"itemListElement\":[{\"@type\":\"ListItem\",\"position\":1,\"name\":\"Kezd\u0151lap\",\"item\":\"https:\/\/univet.hu\/zoologiai-tanszek\/\"},{\"@type\":\"ListItem\",\"position\":2,\"name\":\"Zool\u00f3giai Tansz\u00e9k\"}]},{\"@type\":\"WebSite\",\"@id\":\"https:\/\/univet.hu\/zoologiai-tanszek\/#website\",\"url\":\"https:\/\/univet.hu\/zoologiai-tanszek\/\",\"name\":\"Zool\u00f3giai Tansz\u00e9k\",\"description\":\"\",\"potentialAction\":[{\"@type\":\"SearchAction\",\"target\":{\"@type\":\"EntryPoint\",\"urlTemplate\":\"https:\/\/univet.hu\/zoologiai-tanszek\/?s={search_term_string}\"},\"query-input\":{\"@type\":\"PropertyValueSpecification\",\"valueRequired\":true,\"valueName\":\"search_term_string\"}}],\"inLanguage\":\"hu\"}]}<\/script>\n<!-- \/ Yoast SEO plugin. -->","yoast_head_json":{"title":"Zool\u00f3giai Tansz\u00e9k - Zool\u00f3giai Tansz\u00e9k","robots":{"index":"index","follow":"follow","max-snippet":"max-snippet:-1","max-image-preview":"max-image-preview:large","max-video-preview":"max-video-preview:-1"},"canonical":"https:\/\/univet.hu\/zoologiai-tanszek\/","og_locale":"hu_HU","og_type":"article","og_title":"Zool\u00f3giai Tansz\u00e9k - Zool\u00f3giai Tansz\u00e9k","og_description":"Bemutatkoz\u00e1s A Biol\u00f3giai Int\u00e9zet, illetve annak Zool\u00f3giai Tansz\u00e9ke az egyetemi biol\u00f3gusk\u00e9pz\u00e9s k\u00f6zpontja; a biol\u00f3gus tant\u00e1rgyak fel\u00e9t az int\u00e9zet\/tansz\u00e9k munkat\u00e1rsai oktatj\u00e1k. A biol\u00f3gusk\u00e9pz\u00e9ssel kapcsolatos inform\u00e1ci\u00f3k a https:\/\/univet.hu\/hu\/biologia\/ oldalon tal\u00e1lhat\u00f3k. Mindezek mellett a 2023 \u0151sz\u00e9n indul\u00f3 kutat\u00f3 zool\u00f3gus k\u00e9pz\u00e9sben is jelent\u0151s r\u00e9szt v\u00e1llal.","og_url":"https:\/\/univet.hu\/zoologiai-tanszek\/","og_site_name":"Zool\u00f3giai Tansz\u00e9k","article_modified_time":"2025-03-20T05:43:27+00:00","twitter_card":"summary_large_image","schema":{"@context":"https:\/\/schema.org","@graph":[{"@type":"WebPage","@id":"https:\/\/univet.hu\/zoologiai-tanszek\/","url":"https:\/\/univet.hu\/zoologiai-tanszek\/","name":"Zool\u00f3giai Tansz\u00e9k - Zool\u00f3giai Tansz\u00e9k","isPartOf":{"@id":"https:\/\/univet.hu\/zoologiai-tanszek\/#website"},"datePublished":"2018-04-04T10:27:00+00:00","dateModified":"2025-03-20T05:43:27+00:00","breadcrumb":{"@id":"https:\/\/univet.hu\/zoologiai-tanszek\/#breadcrumb"},"inLanguage":"hu","potentialAction":[{"@type":"ReadAction","target":["https:\/\/univet.hu\/zoologiai-tanszek\/"]}]},{"@type":"BreadcrumbList","@id":"https:\/\/univet.hu\/zoologiai-tanszek\/#breadcrumb","itemListElement":[{"@type":"ListItem","position":1,"name":"Kezd\u0151lap","item":"https:\/\/univet.hu\/zoologiai-tanszek\/"},{"@type":"ListItem","position":2,"name":"Zool\u00f3giai Tansz\u00e9k"}]},{"@type":"WebSite","@id":"https:\/\/univet.hu\/zoologiai-tanszek\/#website","url":"https:\/\/univet.hu\/zoologiai-tanszek\/","name":"Zool\u00f3giai Tansz\u00e9k","description":"","potentialAction":[{"@type":"SearchAction","target":{"@type":"EntryPoint","urlTemplate":"https:\/\/univet.hu\/zoologiai-tanszek\/?s={search_term_string}"},"query-input":{"@type":"PropertyValueSpecification","valueRequired":true,"valueName":"search_term_string"}}],"inLanguage":"hu"}]}},"_links":{"self":[{"href":"https:\/\/univet.hu\/zoologiai-tanszek\/wp-json\/wp\/v2\/pages\/3368","targetHints":{"allow":["GET"]}}],"collection":[{"href":"https:\/\/univet.hu\/zoologiai-tanszek\/wp-json\/wp\/v2\/pages"}],"about":[{"href":"https:\/\/univet.hu\/zoologiai-tanszek\/wp-json\/wp\/v2\/types\/page"}],"author":[{"embeddable":true,"href":"https:\/\/univet.hu\/zoologiai-tanszek\/wp-json\/wp\/v2\/users\/3837"}],"replies":[{"embeddable":true,"href":"https:\/\/univet.hu\/zoologiai-tanszek\/wp-json\/wp\/v2\/comments?post=3368"}],"version-history":[{"count":1,"href":"https:\/\/univet.hu\/zoologiai-tanszek\/wp-json\/wp\/v2\/pages\/3368\/revisions"}],"predecessor-version":[{"id":40111,"href":"https:\/\/univet.hu\/zoologiai-tanszek\/wp-json\/wp\/v2\/pages\/3368\/revisions\/40111"}],"wp:attachment":[{"href":"https:\/\/univet.hu\/zoologiai-tanszek\/wp-json\/wp\/v2\/media?parent=3368"}],"wp:term":[{"taxonomy":"category","embeddable":true,"href":"https:\/\/univet.hu\/zoologiai-tanszek\/wp-json\/wp\/v2\/categories?post=3368"},{"taxonomy":"post_tag","embeddable":true,"href":"https:\/\/univet.hu\/zoologiai-tanszek\/wp-json\/wp\/v2\/tags?post=3368"}],"curies":[{"name":"wp","href":"https:\/\/api.w.org\/{rel}","templated":true}]}}